{"id":871,"date":"2016-03-21T18:45:27","date_gmt":"2016-03-21T17:45:27","guid":{"rendered":"http:\/\/istressportsbadminton.com\/?page_id=871"},"modified":"2016-03-21T18:45:27","modified_gmt":"2016-03-21T17:45:27","slug":"tournoi-plumes-du-loriot-auriol","status":"publish","type":"page","link":"https:\/\/istressportsbadminton.com\/?page_id=871","title":{"rendered":"Tournoi Plumes du Loriot (Auriol)"},"content":{"rendered":"<p>Plusieurs Istr\u00e9ens \u00e9taient engag\u00e9s le weekend du 5\/6 mars \u00e0 Auriol pour un tournoi de Double et Mixte.<\/p>\n<h4><span style=\"color: #993366;\"><strong>Double Homme<\/strong><\/span><\/h4>\n<p><span style=\"text-decoration: underline;\">Tableau R6\/D7<\/span><\/p>\n<p><strong>David \u00ab\u00a0shake Ur Body\u00a0\u00bb Ultrabody<\/strong> faisait \u00e9quipe avec C\u00e9dric LARRODE (La Seyne). T\u00eate de poule, les d\u00e9buts sont difficiles avec un premier match perdu (21-19 au 3\u00e8me). <strong>David<\/strong> et <strong>C\u00e9dric<\/strong> s&rsquo;arrachent lors du deuxi\u00e8me match pour assurer l&rsquo;essentiel et la qualif, victoire 22-20\/ 21-19! En demi-finale, ils ne feront illusions qu&rsquo;un seul set face aux aixois ANDRES\/MANNUGUERA avant de finalement s&rsquo;incliner 21-18\/ 21-10.<\/p>\n<p><span style=\"text-decoration: underline;\">Tableau R4\/R5<\/span><\/p>\n<p>2 paires engag\u00e9es dans ce tableau, avec <strong>Geoffrey<\/strong> associ\u00e9 \u00e0 un <strong>Robert<\/strong> rempla\u00e7ant Quentin toujours bless\u00e9, et <strong>Teddy<\/strong> associ\u00e9 \u00e0 l&rsquo;homme dans une\u00a0forme galactique en ce\u00a0moment,\u00a0<strong>Seb<\/strong>, lui qui reste sur 4\u00a0tournois cons\u00e9cutifs remport\u00e9s (3 en\u00a0Double, 1 en mixte, dont notamment le doubl\u00e9 deux\u00a0semaines plus t\u00f4t \u00e0 Vitrolles Mixte et Double &#8230;avec Teddy) .<\/p>\n<p>Les 2 paires s&rsquo;\u00e9vitent au stade des poules. Aucun souci pour <strong>Seb\/Teddy<\/strong> qui remportent paisiblement leurs 2 matchs. C&rsquo;est une autre histoire pour <strong>Geoffrey<\/strong> et un <strong>Bobby\u00a0<\/strong>pas au mieux de sa forme en ce d\u00e9but de tournoi, la faute a un &#8230; l\u00e9ger oublie (pour la petite histoire, <strong>Bobby<\/strong> se rendant compte le vendredi soir \u00e0 1h du mat qu&rsquo;ils \u00e9taient convoqu\u00e9s le samedi matin&#8230; et non pas le dimanche&#8230; autant dire que convoqu\u00e9s \u00e0 8h, la nuit fut plut\u00f4t courte !). Le premier match dans cette poule de 4 est perdu. Heureusement <strong>Geoffrey<\/strong> assure le job dans les 2 autres matchs pour compenser la petite forme d&rsquo;un <strong>Robert<\/strong> encore dans le p\u00e2t\u00e9. Avec 2 victoires, l&rsquo;essentiel est assur\u00e9 avec la qualif, ce qui laissera un peu plus de temps\u00a0\u00e0 <strong>Bobby<\/strong> pour se r\u00e9veiller.<\/p>\n<p>Et effectivement, c&rsquo;est un <strong>Robert<\/strong> enfin en grande forme que l&rsquo;on retrouve dans un\u00a0quart de finale que les deux\u00a0comp\u00e8res remportent tr\u00e8s facilement 21-11\/ 21-13 pour acc\u00e9der \u00e0\u00a0une deuxi\u00e8me demi-finale cons\u00e9cutive apr\u00e8s celle de Vitrolles. Et comme \u00e0 Vitrolles, se dressent sur leur route &#8230; <strong>Seb<\/strong> et <strong>Teddy<\/strong>,\u00a0faciles vainqueurs de leur quart de finale. Et comme deux semaines plus t\u00f4t, la bataille ira en 3 sets pour un match \u00e0 nouveau remport\u00e9 par la paire <strong>Seb\/Teddy<\/strong>, logique respect\u00e9e au vu des classements.<\/p>\n<p>Nouvelle finale donc pour <strong>Seb<\/strong> et <strong>Teddy<\/strong>. Et en ce moment, <strong>Seb<\/strong> marchant sur l&rsquo;eau, qu&rsquo;elle autre issue qu&rsquo;une nouvelle victoire pouvait \u00eatre envisageable? Et en effet, face aux\u00a0vitrollais Lo\u00efc BLOIS\/ Julien DELLA ROMA, et malgr\u00e9 la perte de la seconde manche, c&rsquo;est un deuxi\u00e8me troph\u00e9e cons\u00e9cutif pour le duo de choc, victoire\u00a021-18\/ 17-21\/ 21-15.<\/p>\n<p>Et de <strong>25 coupes pour ISB<\/strong>!! Bravo!!\u00a0<a href=\"http:\/\/istressportsbadminton.com\/wp-content\/uploads\/2015\/11\/emoji_u1f3c61.png\" rel=\"attachment wp-att-432\"><img loading=\"lazy\" class=\"alignnone size-full wp-image-432\" src=\"http:\/\/istressportsbadminton.com\/wp-content\/uploads\/2015\/11\/emoji_u1f3c61.png\" alt=\"Victoire\" width=\"35\" height=\"35\" \/><\/a><\/p>\n<hr \/>\n<h4><span style=\"color: #800080;\"><strong>Mixte<\/strong><\/span><\/h4>\n<p><span style=\"text-decoration: underline;\">Tableau R6\/D7<\/span><\/p>\n<p><strong>Agn\u00e8s<\/strong> faisait \u00e0 nouveau \u00e9quipe avec <strong>Alex LD<\/strong>. Et \u00e7a d\u00e9marre bien avec une phase de poule conclue par 2 victoires bien ma\u00eetris\u00e9es. En quart de finale, ils retrouvaient la paire aixoise Alex MANIKOWSKI\/ Elsa Wender qui les avait battu en 3 set en janvier \u00e0 St Martin. Cette fois-ci, <strong>Agn\u00e8s<\/strong> et <strong>Alex<\/strong> prennent leur revanche au terme d&rsquo;un match acharn\u00e9 remport\u00e9 17-21\/ 21-19\/ 21-19 !! Ils iront finalement s&rsquo;incliner en demi-finale contre Jean-Yves PEPINOT\/C\u00e9line GOBILLOT (Aubagne\/ Vitrolles), sans avoir ch\u00e8rement vendu leur peau, d\u00e9faite 21-19\/ 12-21\/ 21-16. Dommage!<\/p>\n<p><span style=\"text-decoration: underline;\">Tableau R4\/R5<\/span><\/p>\n<p>Dans ce tableau, <strong>JP<\/strong> \u00e9tait engag\u00e9 avec Sabrina PUTORTI (Vitrolles), et <strong>Seb<\/strong>, pour tenter un nouveau doubl\u00e9 apr\u00e8s la victoire en double de la veille, s&rsquo;associait \u00e0 Dorothea SCHMIDT (SMUC). Les 2 paires \u00e9taient vers\u00e9es dans la m\u00eame poule de 4. Tout commence tr\u00e8s bien pour les 2 \u00e9quipes, toutes les deux vainqueurs de leurs deux premiers matchs. Leur affrontement au dernier match met aux prises deux \u00e9quipes d\u00e9j\u00e0 qualifi\u00e9es, avec comme enjeu la premi\u00e8re place de la poule.\u00a0La sup\u00e9riorit\u00e9 de <strong>Seb<\/strong> et Dorothea va vite s&rsquo;exprimer sur le terrain, un premier set liquid\u00e9 21-09.\u00a0Oubliant cette entr\u00e9e en mati\u00e8re loup\u00e9e, <strong>JP<\/strong> et Sabrina se reprennent et s&rsquo;accrochent dans une 2\u00e8me manche plus disput\u00e9e, mais qu&rsquo;ils perdront malgr\u00e9 tout 23-21 et ils devront se contenter de la deuxi\u00e8me place.<\/p>\n<p>Place aux demi-finales\u00a0que\u00a0<strong>Seb<\/strong>\/Dorothea expedient en 2 sets secs.\u00a0Malheureusement, <strong>JP<\/strong> et Sabrina vont, de leur cot\u00e9, chuter et perdent occasion de retrouver leurs comp\u00e8res en finale, d\u00e9faite contre les deux jeunes aixois, Romain OSANNO\/Clara PAOLI, (Cadets tous les 2!!) 21-18\/ 21-16.<\/p>\n<p>En finale, assur\u00e9ment plus exp\u00e9riment\u00e9s que leurs tr\u00e8s jeunes adversaires, <strong>Seb<\/strong> et Dorothea ma\u00eetrisent sereinement les d\u00e9bat pour remporter le titre au terme d&rsquo;une finale \u00e0 sens unique, 21-17\/ 21-13.<\/p>\n<p><strong>26\u00e8me victoire pour ISB<\/strong>, et surtout deuxi\u00e8me doubl\u00e9 cons\u00e9cutif (Double\/Mixte) pour un <strong>Seb<\/strong>\u00a0totalement inarretable en ce moment (6\u00e8me troph\u00e9e\u00a0cons\u00e9cutifs!!)<a href=\"http:\/\/istressportsbadminton.com\/wp-content\/uploads\/2015\/11\/emoji_u1f3c61.png\" rel=\"attachment wp-att-432\"><img loading=\"lazy\" class=\"alignnone size-full wp-image-432\" src=\"http:\/\/istressportsbadminton.com\/wp-content\/uploads\/2015\/11\/emoji_u1f3c61.png\" alt=\"Victoire\" width=\"35\" height=\"35\" \/><\/a><\/p>\n<p>Bravo!!!!<\/p>\n","protected":false},"excerpt":{"rendered":"<p>Plusieurs Istr\u00e9ens \u00e9taient engag\u00e9s le weekend du 5\/6 mars \u00e0 Auriol pour un tournoi de Double et Mixte. Double Homme Tableau R6\/D7 David \u00ab\u00a0shake Ur Body\u00a0\u00bb Ultrabody faisait \u00e9quipe avec C\u00e9dric LARRODE (La Seyne). T\u00eate de poule, les d\u00e9buts sont difficiles avec un premier match perdu (21-19 au 3\u00e8me). David et C\u00e9dric s&rsquo;arrachent lors du &hellip; <a href=\"https:\/\/istressportsbadminton.com\/?page_id=871\" class=\"more-link\">Continuer la lecture<span class=\"screen-reader-text\"> de &laquo;&nbsp;Tournoi Plumes du Loriot (Auriol)&nbsp;&raquo;<\/span><\/a><\/p>\n","protected":false},"author":3,"featured_media":0,"parent":0,"menu_order":0,"comment_status":"closed","ping_status":"closed","template":"","meta":{"sfsi_plus_gutenberg_text_before_share":"","sfsi_plus_gutenberg_show_text_before_share":"","sfsi_plus_gutenberg_icon_type":"","sfsi_plus_gutenberg_icon_alignemt":"","sfsi_plus_gutenburg_max_per_row":""},"_links":{"self":[{"href":"https:\/\/istressportsbadminton.com\/index.php?rest_route=\/wp\/v2\/pages\/871"}],"collection":[{"href":"https:\/\/istressportsbadminton.com\/index.php?rest_route=\/wp\/v2\/pages"}],"about":[{"href":"https:\/\/istressportsbadminton.com\/index.php?rest_route=\/wp\/v2\/types\/page"}],"author":[{"embeddable":true,"href":"https:\/\/istressportsbadminton.com\/index.php?rest_route=\/wp\/v2\/users\/3"}],"replies":[{"embeddable":true,"href":"https:\/\/istressportsbadminton.com\/index.php?rest_route=%2Fwp%2Fv2%2Fcomments&post=871"}],"version-history":[{"count":8,"href":"https:\/\/istressportsbadminton.com\/index.php?rest_route=\/wp\/v2\/pages\/871\/revisions"}],"predecessor-version":[{"id":879,"href":"https:\/\/istressportsbadminton.com\/index.php?rest_route=\/wp\/v2\/pages\/871\/revisions\/879"}],"wp:attachment":[{"href":"https:\/\/istressportsbadminton.com\/index.php?rest_route=%2Fwp%2Fv2%2Fmedia&parent=871"}],"curies":[{"name":"wp","href":"https:\/\/api.w.org\/{rel}","templated":true}]}}