{"id":884,"date":"2016-03-22T12:47:38","date_gmt":"2016-03-22T11:47:38","guid":{"rendered":"http:\/\/istressportsbadminton.com\/?page_id=884"},"modified":"2016-03-29T16:17:38","modified_gmt":"2016-03-29T15:17:38","slug":"tournoi-international-de-bourg-de-peage","status":"publish","type":"page","link":"https:\/\/istressportsbadminton.com\/?page_id=884","title":{"rendered":"Tournoi International de Bourg de P\u00e9age"},"content":{"rendered":"<p>Le week end du 12 et 13 mars avait lieu le grand tournoi international de Bourg de P\u00e9age (Dr\u00f4me) auquel participaient 2 Istr\u00e9ens, \u00a0<strong>Maxence,<\/strong> associ\u00e9 \u00e0 William Villeger (Fos), et l\u2019irr\u00e9sistible <strong>Seb,<\/strong> faisant \u00e9quipe pour l&rsquo;occasion avec Lo\u00efc BLOIS de Vitrolles, \u00a0pour continuer sa moisson de m\u00e9dailles.<\/p>\n<p>Les deux\u00a0paires \u00e9taient dans le m\u00eame tableau N3 mais s&rsquo;\u00e9vitent dans cette premi\u00e8re phase, mais avec 1 seul sortant par poule, il n&rsquo;y avait aucun droit \u00e0 l&rsquo;erreur!<\/p>\n<p>Malgr\u00e9 une victoire inaugurale, <strong>Max<\/strong> et Wiliam vont ensuite chuter contre Axel ANGLARET\/Mathieu PADOVANI (NUC) lors d&rsquo;un match de haute vol\u00e9e, ils s&rsquo;inclineront 21-23\/ 21-19\/ 22-20 et resteront \u00e0 quai dans leur\u00a0poule. Dommage!<\/p>\n<p><strong>Seb<\/strong>\/Lo\u00efc r\u00e9alisent eux une premi\u00e8re phase solide. Les deux\u00a0matchs sont engag\u00e9s mais bien ma\u00eetris\u00e9s remport\u00e9s en 2 sets au cours desquels ils auront toujours conserv\u00e9 l&rsquo;avantage.<\/p>\n<p>S&rsquo;en suit la sortie de poule qui n&rsquo;a pas eu la m\u00eame configuration&#8230;\u00a0Cette demie finale les voie affronter les tombeurs de <strong>Max<\/strong> et William. D\u00e8s le d\u00e9part <strong>Seb<\/strong> et Lo\u00efc\u00a0prennent du retard et ont\u00a0du mal \u00e0 recoller au score tout au long du set, toujours devanc\u00e9 de 4 ou 5 points malgr\u00e9 quelques \u00e9changes qui pouvaient laisser entrevoir de belles choses ! le 2\u00e8me set est dans la m\u00eame lign\u00e9e qu&rsquo;au 1er, avec un Lo\u00efc f\u00e9brile et pas lib\u00e9r\u00e9 dans son jeu et peut \u00eatre par l&rsquo;enjeu, Lo\u00efc cassant le cordage sur la fin du set qui fut haletante !!! Ayant d\u00e9j\u00e0 cass\u00e9 son cordage durant l&rsquo;\u00e9chauffement il du finir le match avec une \u00ab\u00a0relique\u00a0\u00bb de raquette \u00e0 <strong>Seb<\/strong> de plus de 10 ans &#8230;.<br \/>\n20-15 pour les\u00a0adversaires avec Lo\u00efc au service avec une raquette peu tendu et obsol\u00e8te il r\u00e9ussi \u00e0 passer ses services&#8230; Serrant le jeu et la rage (et aussi du stress) au ventre avec Seb\u00a0attaquant\u00a0sans rel\u00e2che, ils r\u00e9ussissent service apr\u00e8s service et point apr\u00e8s point \u00e0 recoller au score 20-20 !<br \/>\n21-20 et volant de set pour l&rsquo;\u00e9quipe istr\u00e9o-vitrollaise &#8230;&#8230; Malheureusement l&rsquo;\u00e9quipe adverse largement d\u00e9sorient\u00e9 par cette remont\u00e9e r\u00e9ussi \u00e0 reprendre le service et \u00e0 marquer 2 fois, 22-21. Dynamique cass\u00e9e et f\u00e9brilit\u00e9 font mettre \u00e0 <strong>Seb<\/strong> un volant haut mi-court dans le filet, voulant amortir et feinter les adversaires tr\u00e8s loin sur le court et qui attendaient une grosse attaque, le volant atterri dans le filet !!!! Match termin\u00e9 et cette fin de set laisse une grosse frustration car un 3\u00e8me aurait \u00e9t\u00e9 largement m\u00e9rit\u00e9 quelque soit l&rsquo;issue du match.\u00a021-17\/ 23-21.<\/p>\n<p>Cette d\u00e9faite met\u00a0donc fin \u00e0 l&rsquo;extraordinaire s\u00e9rie de <strong>Seb<\/strong> qui l&rsquo;aura vu en 3 mois remporter\u00a0<span style=\"text-decoration: underline;\">6 tournois cons\u00e9cutifs<\/span> (4 Doubles, 2 MIxtes) et encha\u00eener une s\u00e9rie de <span style=\"text-decoration: underline;\">48 victoires pour 0 d\u00e9faite<\/span>, tournois et Interclubs compris, sa derni\u00e8re d\u00e9faite remontant au 8 novembre dernier.<\/p>\n<p>WOW !!<\/p>\n<p><em>ISB REPREZENTZZZ!!!!<\/em><a href=\"http:\/\/istressportsbadminton.com\/wp-content\/uploads\/2016\/03\/Bourg-de-Peage.jpg\" rel=\"attachment wp-att-979\"><img loading=\"lazy\" class=\"wp-image-979 size-large alignleft\" src=\"http:\/\/istressportsbadminton.com\/wp-content\/uploads\/2016\/03\/Bourg-de-Peage-1024x923.jpg\" alt=\"Bourg de Peage\" width=\"654\" height=\"589\" srcset=\"https:\/\/istressportsbadminton.com\/wp-content\/uploads\/2016\/03\/Bourg-de-Peage-1024x923.jpg 1024w, https:\/\/istressportsbadminton.com\/wp-content\/uploads\/2016\/03\/Bourg-de-Peage-300x270.jpg 300w, https:\/\/istressportsbadminton.com\/wp-content\/uploads\/2016\/03\/Bourg-de-Peage-768x692.jpg 768w, https:\/\/istressportsbadminton.com\/wp-content\/uploads\/2016\/03\/Bourg-de-Peage-1x1.jpg 1w, https:\/\/istressportsbadminton.com\/wp-content\/uploads\/2016\/03\/Bourg-de-Peage.jpg 1280w\" sizes=\"(max-width: 654px) 85vw, 654px\" \/><\/a><\/p>\n","protected":false},"excerpt":{"rendered":"<p>Le week end du 12 et 13 mars avait lieu le grand tournoi international de Bourg de P\u00e9age (Dr\u00f4me) auquel participaient 2 Istr\u00e9ens, \u00a0Maxence, associ\u00e9 \u00e0 William Villeger (Fos), et l\u2019irr\u00e9sistible Seb, faisant \u00e9quipe pour l&rsquo;occasion avec Lo\u00efc BLOIS de Vitrolles, \u00a0pour continuer sa moisson de m\u00e9dailles. Les deux\u00a0paires \u00e9taient dans le m\u00eame tableau N3 &hellip; <a href=\"https:\/\/istressportsbadminton.com\/?page_id=884\" class=\"more-link\">Continuer la lecture<span class=\"screen-reader-text\"> de &laquo;&nbsp;Tournoi International de Bourg de P\u00e9age&nbsp;&raquo;<\/span><\/a><\/p>\n","protected":false},"author":3,"featured_media":0,"parent":0,"menu_order":0,"comment_status":"closed","ping_status":"closed","template":"","meta":{"sfsi_plus_gutenberg_text_before_share":"","sfsi_plus_gutenberg_show_text_before_share":"","sfsi_plus_gutenberg_icon_type":"","sfsi_plus_gutenberg_icon_alignemt":"","sfsi_plus_gutenburg_max_per_row":""},"_links":{"self":[{"href":"https:\/\/istressportsbadminton.com\/index.php?rest_route=\/wp\/v2\/pages\/884"}],"collection":[{"href":"https:\/\/istressportsbadminton.com\/index.php?rest_route=\/wp\/v2\/pages"}],"about":[{"href":"https:\/\/istressportsbadminton.com\/index.php?rest_route=\/wp\/v2\/types\/page"}],"author":[{"embeddable":true,"href":"https:\/\/istressportsbadminton.com\/index.php?rest_route=\/wp\/v2\/users\/3"}],"replies":[{"embeddable":true,"href":"https:\/\/istressportsbadminton.com\/index.php?rest_route=%2Fwp%2Fv2%2Fcomments&post=884"}],"version-history":[{"count":4,"href":"https:\/\/istressportsbadminton.com\/index.php?rest_route=\/wp\/v2\/pages\/884\/revisions"}],"predecessor-version":[{"id":981,"href":"https:\/\/istressportsbadminton.com\/index.php?rest_route=\/wp\/v2\/pages\/884\/revisions\/981"}],"wp:attachment":[{"href":"https:\/\/istressportsbadminton.com\/index.php?rest_route=%2Fwp%2Fv2%2Fmedia&parent=884"}],"curies":[{"name":"wp","href":"https:\/\/api.w.org\/{rel}","templated":true}]}}