{"id":888,"date":"2016-03-22T13:45:57","date_gmt":"2016-03-22T12:45:57","guid":{"rendered":"http:\/\/istressportsbadminton.com\/?page_id=888"},"modified":"2016-05-01T18:50:47","modified_gmt":"2016-05-01T17:50:47","slug":"trj-5-auriol","status":"publish","type":"page","link":"https:\/\/istressportsbadminton.com\/?page_id=888","title":{"rendered":"TRJ 5 Auriol"},"content":{"rendered":"<p>On continue avec la petite pousse du club <strong>Swann<\/strong>, qui participait en ce dimanche 13 mars \u00e0 son 3\u00e8me TRJ, et pour la seconde fois dans le tableau TopA, l&rsquo;\u00e9lite r\u00e9gionale de la cat\u00e9gorie poussin.<\/p>\n<p>L&rsquo;objectif \u00e9tait au moins d&rsquo;\u00e9galer sa performance de sa\u00a0premi\u00e8re exp\u00e9rience en TopA qui avait \u00e9t\u00e9 plus que prometteuse avec une demi-finale atteinte lors <span style=\"color: #0000ff;\"><strong><a style=\"color: #0000ff;\" href=\"http:\/\/istressportsbadminton.com\/?page_id=703\" target=\"_blank\">du TRJ 4 d&rsquo;Aix<\/a>.<\/strong><\/span><\/p>\n<p>T\u00eate de s\u00e9rie No2, Swann d\u00e9marre pied au plancher et remporte avec une tr\u00e8s belle ma\u00eetrise ses 3 matchs de poules en 2 sets \u00e0 chaque fois, et sans l\u00e2cher plus de 14 points par set!<\/p>\n<p>Direction les demi-finale ou il retrouve la t\u00eate de s\u00e9rie No1, Dorian MESMAQUE. Et il n&rsquo;y eu pas de match, <strong>Swann<\/strong> dominant tr\u00e8s largement son adversaire 21-10\/ 21-16 !!<\/p>\n<p><a href=\"http:\/\/istressportsbadminton.com\/wp-content\/uploads\/2016\/03\/Swann-13-mars-2.jpeg\" rel=\"attachment wp-att-889\"><img loading=\"lazy\" class=\"alignright wp-image-889 size-medium\" src=\"http:\/\/istressportsbadminton.com\/wp-content\/uploads\/2016\/03\/Swann-13-mars-2-169x300.jpeg\" alt=\"Swann 13 mars 2\" width=\"169\" height=\"300\" srcset=\"https:\/\/istressportsbadminton.com\/wp-content\/uploads\/2016\/03\/Swann-13-mars-2-169x300.jpeg 169w, https:\/\/istressportsbadminton.com\/wp-content\/uploads\/2016\/03\/Swann-13-mars-2-768x1365.jpeg 768w, https:\/\/istressportsbadminton.com\/wp-content\/uploads\/2016\/03\/Swann-13-mars-2-576x1024.jpeg 576w, https:\/\/istressportsbadminton.com\/wp-content\/uploads\/2016\/03\/Swann-13-mars-2-1x1.jpeg 1w, https:\/\/istressportsbadminton.com\/wp-content\/uploads\/2016\/03\/Swann-13-mars-2.jpeg 1440w\" sizes=\"(max-width: 169px) 85vw, 169px\" \/><\/a>En finale l&rsquo;attend Hugo LURON, sur lequel il a\u00a0un avantage psychologique ind\u00e9niable, <strong>Swann<\/strong> restant sur deux victoires en\u00a0finale contre lui. Et preuve de l&rsquo;exp\u00e9rience qu&rsquo;il commence a acqu\u00e9rir, beaucoup de s\u00e9rieux et de concentration, fini les sautes d&rsquo;humeurs et les crises de larmes, et <strong>Swann<\/strong> remporte superbement cette finale sans trembler 21-14\/ 21-15 !!<\/p>\n<p><strong><a href=\"http:\/\/istressportsbadminton.com\/wp-content\/uploads\/2016\/04\/emoji_u1f3c6.png\"><img loading=\"lazy\" class=\"alignnone size-full wp-image-1322\" src=\"http:\/\/istressportsbadminton.com\/wp-content\/uploads\/2016\/04\/emoji_u1f3c6.png\" alt=\"Victoire\" width=\"25\" height=\"25\" srcset=\"https:\/\/istressportsbadminton.com\/wp-content\/uploads\/2016\/04\/emoji_u1f3c6.png 25w, https:\/\/istressportsbadminton.com\/wp-content\/uploads\/2016\/04\/emoji_u1f3c6-1x1.png 1w\" sizes=\"(max-width: 25px) 85vw, 25px\" \/><\/a>\u00a0Et le 27\u00e8me troph\u00e9e pour\u00a0ISB<\/strong><\/p>\n<p>Une superbe journ\u00e9e pour <strong>Swann<\/strong> qui gagne ce tournoi dans l&rsquo;\u00e9lite de sa cat\u00e9gorie sans l\u00e2cher le moindre set, une magnifique performance encore soulign\u00e9e par\u00a0Fabien, et qui le place dans les meilleurs poussins de la r\u00e9gion, confirm\u00e9 quelques jours plus tard par une premi\u00e8re s\u00e9lection pour les stages jeunes du comit\u00e9 Bouches-du-Rh\u00f4ne!<\/p>\n<p>Bravo minot!!!<\/p>\n<p><a href=\"http:\/\/istressportsbadminton.com\/wp-content\/uploads\/2016\/03\/Swann-13-mars.jpeg\" rel=\"attachment wp-att-890\"><img loading=\"lazy\" class=\"alignnone wp-image-890 size-large\" src=\"http:\/\/istressportsbadminton.com\/wp-content\/uploads\/2016\/03\/Swann-13-mars-576x1024.jpeg\" alt=\"Swann 13 mars\" width=\"576\" height=\"1024\" srcset=\"https:\/\/istressportsbadminton.com\/wp-content\/uploads\/2016\/03\/Swann-13-mars-576x1024.jpeg 576w, https:\/\/istressportsbadminton.com\/wp-content\/uploads\/2016\/03\/Swann-13-mars-169x300.jpeg 169w, https:\/\/istressportsbadminton.com\/wp-content\/uploads\/2016\/03\/Swann-13-mars-768x1365.jpeg 768w, https:\/\/istressportsbadminton.com\/wp-content\/uploads\/2016\/03\/Swann-13-mars-1x1.jpeg 1w, https:\/\/istressportsbadminton.com\/wp-content\/uploads\/2016\/03\/Swann-13-mars.jpeg 1080w\" sizes=\"(max-width: 576px) 85vw, 576px\" \/><\/a><\/p>\n","protected":false},"excerpt":{"rendered":"<p>On continue avec la petite pousse du club Swann, qui participait en ce dimanche 13 mars \u00e0 son 3\u00e8me TRJ, et pour la seconde fois dans le tableau TopA, l&rsquo;\u00e9lite r\u00e9gionale de la cat\u00e9gorie poussin. L&rsquo;objectif \u00e9tait au moins d&rsquo;\u00e9galer sa performance de sa\u00a0premi\u00e8re exp\u00e9rience en TopA qui avait \u00e9t\u00e9 plus que prometteuse avec une &hellip; <a href=\"https:\/\/istressportsbadminton.com\/?page_id=888\" class=\"more-link\">Continuer la lecture<span class=\"screen-reader-text\"> de &laquo;&nbsp;TRJ 5 Auriol&nbsp;&raquo;<\/span><\/a><\/p>\n","protected":false},"author":3,"featured_media":0,"parent":0,"menu_order":0,"comment_status":"closed","ping_status":"closed","template":"","meta":{"sfsi_plus_gutenberg_text_before_share":"","sfsi_plus_gutenberg_show_text_before_share":"","sfsi_plus_gutenberg_icon_type":"","sfsi_plus_gutenberg_icon_alignemt":"","sfsi_plus_gutenburg_max_per_row":""},"_links":{"self":[{"href":"https:\/\/istressportsbadminton.com\/index.php?rest_route=\/wp\/v2\/pages\/888"}],"collection":[{"href":"https:\/\/istressportsbadminton.com\/index.php?rest_route=\/wp\/v2\/pages"}],"about":[{"href":"https:\/\/istressportsbadminton.com\/index.php?rest_route=\/wp\/v2\/types\/page"}],"author":[{"embeddable":true,"href":"https:\/\/istressportsbadminton.com\/index.php?rest_route=\/wp\/v2\/users\/3"}],"replies":[{"embeddable":true,"href":"https:\/\/istressportsbadminton.com\/index.php?rest_route=%2Fwp%2Fv2%2Fcomments&post=888"}],"version-history":[{"count":4,"href":"https:\/\/istressportsbadminton.com\/index.php?rest_route=\/wp\/v2\/pages\/888\/revisions"}],"predecessor-version":[{"id":1391,"href":"https:\/\/istressportsbadminton.com\/index.php?rest_route=\/wp\/v2\/pages\/888\/revisions\/1391"}],"wp:attachment":[{"href":"https:\/\/istressportsbadminton.com\/index.php?rest_route=%2Fwp%2Fv2%2Fmedia&parent=888"}],"curies":[{"name":"wp","href":"https:\/\/api.w.org\/{rel}","templated":true}]}}