{"id":895,"date":"2016-03-22T15:39:03","date_gmt":"2016-03-22T14:39:03","guid":{"rendered":"http:\/\/istressportsbadminton.com\/?page_id=895"},"modified":"2016-03-22T15:39:03","modified_gmt":"2016-03-22T14:39:03","slug":"gpa-double-smuc","status":"publish","type":"page","link":"https:\/\/istressportsbadminton.com\/?page_id=895","title":{"rendered":"GPA Double SMUC"},"content":{"rendered":"<p>Dimanche 13 mars, le SMUC organisait un GPA de double au gymnase La Martine.<\/p>\n<p><strong><span style=\"text-decoration: underline;\">Tableau D9\/P<\/span><\/strong><\/p>\n<p><strong>Valentin<\/strong>\u00a0faisait \u00e9quipe avec\u00a0<strong>Alex D<\/strong>, et pour une premi\u00e8re association, ce fut pas mal. Le premier match d\u00e9bute un peu difficilement, les deux comp\u00e8res \u00e9tant un peu timides dans leur jeu, h\u00e9sitant a prendre l&rsquo;initiative, et conc\u00e8dent\u00a0la premi\u00e8re manche. Bien coach\u00e9s par Thibaud et Alex LD, ils se lib\u00e8rent enfin et enclenchent leur jeu, remportant\u00a0\u00a0les deux sets suivants pour une victoire 14-21\/ 21-15\/ 21-16. Le second match les opposent \u00e0 deux joueurs du SMUC, t\u00eate de poule pour un match qui va s&rsquo;av\u00e9rer \u00e9pique. <strong>Valentin<\/strong> et <strong>Alex<\/strong> r\u00e9alisent tout d&rsquo;abord une superbe premi\u00e8re manche, et\u00a0les voit mener 20-14&#8230; Et l\u00e0&#8230; c&rsquo;est le drame! Ils vont r\u00e9aliser \u00ab\u00a0l&rsquo;exploit\u00a0\u00bb de g\u00e2cher 6 volants de set pour finalement perdre 23-21! Incroyable mais vrai, le manque d&rsquo;exp\u00e9rience pour savoir casser les s\u00e9ries adverses se sera fait cruellement sentir. Mais les 2 istr\u00e9ens\u00a0ne se d\u00e9montent pas pour autant, et font jeu \u00e9gal dans une\u00a0deuxi\u00e8me manche\u00a0au couteau. Aucune des deux paires ne parvient a se d\u00e9tacher, 20-20, 22-22, 24-24, 26-26&#8230; Et \u00e0 ce petit jeu o\u00f9 volants de matchs font suites \u00e0 des volants de 1 set partout, c&rsquo;est finalement les marseillais qui feront respecter leur sup\u00e9riorit\u00e9 au classement, au bout du bout du suspense: 28-26 !! Des regrets pour <strong>Valentin<\/strong> et <strong>Alex<\/strong>, mais la satisfaction d&rsquo;avoir livr\u00e9 une tr\u00e8s belle bataille et pris du plaisir.<\/p>\n<p>Cette d\u00e9faite et ce petit set manquant va n\u00e9anmoins co\u00fbter cher puisqu&rsquo;elle les oblige \u00e0 un 1\/8\u00e8me de finale, qui va signer la fin de leur aventure dans un match contre 2 juniors qui semblaient \u00e0 leur port\u00e9, mais qu&rsquo;ils ne vont pas r\u00e9ussir \u00e0 dominer, d\u00e9faite 21-15\/ 17-21\/ 21-12. Le quart de finale leurs tendaient les bras, dommage!!<\/p>\n<p><span style=\"text-decoration: underline;\"><strong>Tableau R4\/R5\/R6<\/strong><\/span><\/p>\n<p>Une poule unique de 5 \u00e9quipes \u00e9tait propos\u00e9e dans ce tableau dans lequel se pr\u00e9sentaient <strong>Thibaud<\/strong> et <strong>Alex LD<\/strong>. \u00c7a d\u00e9butait pourtant bien avec une victoire en 2 sets malgr\u00e9 beaucoup de fautes. Mais le reste sera moins fructueux, et <strong>Alex<\/strong> et <strong>Thibaud<\/strong> vont s&rsquo;incliner dans les 3 matchs suivants, pour finalement finir dernier de la poule au point average. Un dimanche a oublier pour eux.<\/p>\n<p>&nbsp;<\/p>\n","protected":false},"excerpt":{"rendered":"<p>Dimanche 13 mars, le SMUC organisait un GPA de double au gymnase La Martine. Tableau D9\/P Valentin\u00a0faisait \u00e9quipe avec\u00a0Alex D, et pour une premi\u00e8re association, ce fut pas mal. Le premier match d\u00e9bute un peu difficilement, les deux comp\u00e8res \u00e9tant un peu timides dans leur jeu, h\u00e9sitant a prendre l&rsquo;initiative, et conc\u00e8dent\u00a0la premi\u00e8re manche. Bien &hellip; <a href=\"https:\/\/istressportsbadminton.com\/?page_id=895\" class=\"more-link\">Continuer la lecture<span class=\"screen-reader-text\"> de &laquo;&nbsp;GPA Double SMUC&nbsp;&raquo;<\/span><\/a><\/p>\n","protected":false},"author":3,"featured_media":0,"parent":0,"menu_order":0,"comment_status":"closed","ping_status":"closed","template":"","meta":{"sfsi_plus_gutenberg_text_before_share":"","sfsi_plus_gutenberg_show_text_before_share":"","sfsi_plus_gutenberg_icon_type":"","sfsi_plus_gutenberg_icon_alignemt":"","sfsi_plus_gutenburg_max_per_row":""},"_links":{"self":[{"href":"https:\/\/istressportsbadminton.com\/index.php?rest_route=\/wp\/v2\/pages\/895"}],"collection":[{"href":"https:\/\/istressportsbadminton.com\/index.php?rest_route=\/wp\/v2\/pages"}],"about":[{"href":"https:\/\/istressportsbadminton.com\/index.php?rest_route=\/wp\/v2\/types\/page"}],"author":[{"embeddable":true,"href":"https:\/\/istressportsbadminton.com\/index.php?rest_route=\/wp\/v2\/users\/3"}],"replies":[{"embeddable":true,"href":"https:\/\/istressportsbadminton.com\/index.php?rest_route=%2Fwp%2Fv2%2Fcomments&post=895"}],"version-history":[{"count":3,"href":"https:\/\/istressportsbadminton.com\/index.php?rest_route=\/wp\/v2\/pages\/895\/revisions"}],"predecessor-version":[{"id":898,"href":"https:\/\/istressportsbadminton.com\/index.php?rest_route=\/wp\/v2\/pages\/895\/revisions\/898"}],"wp:attachment":[{"href":"https:\/\/istressportsbadminton.com\/index.php?rest_route=%2Fwp%2Fv2%2Fmedia&parent=895"}],"curies":[{"name":"wp","href":"https:\/\/api.w.org\/{rel}","templated":true}]}}