{"id":911,"date":"2016-03-24T23:37:24","date_gmt":"2016-03-24T22:37:24","guid":{"rendered":"http:\/\/istressportsbadminton.com\/?page_id=911"},"modified":"2016-03-24T23:37:24","modified_gmt":"2016-03-24T22:37:24","slug":"compte-rendu-j5","status":"publish","type":"page","link":"https:\/\/istressportsbadminton.com\/?page_id=911","title":{"rendered":"Compte Rendu J5"},"content":{"rendered":"<p>Salut tout le monde!<\/p>\n<p>Pour ceux qui n&rsquo;ont pas suivi en direct live le d\u00e9roulement de la journ\u00e9e d&rsquo;interclubs, voici le compte rendu de cette 5\u00e8me et avant derni\u00e8re journ\u00e9e de R\u00e9gionale 3: 2e du classement g\u00e9n\u00e9ral, Istres se d\u00e9pla\u00e7ait \u00e0 Eygui\u00e8res ce dimanche 20 mars pour y affronter Port de Bouc et Martigues.<\/p>\n<p>Pour son premier match de la journ\u00e9e, ISB retrouvait une \u00e9quipe de Port de Bouc qui l&rsquo;avait accroch\u00e9 au match aller (4-4). Absente \u00e0 l&rsquo;aller, <strong>Aur\u00e9lie<\/strong> \u00e9tait cette fois ci align\u00e9e de m\u00eame que <strong>St\u00e9phanie<\/strong> qui faisait son grand retour au sein de l&rsquo;\u00e9quipe apr\u00e8s sa blessure qui l&rsquo;aura \u00e9loign\u00e9 des terrains pendant 6 mois. Enfin Seb, en vacances, et Mickey, bless\u00e9 \u00e0 l&rsquo;\u00e9paule, \u00e9taient remplac\u00e9s par <strong>Teddy<\/strong>, habituellement align\u00e9 en D1. Le <strong>capitaine Phil<\/strong> avait concoct\u00e9 la compo suivante: <span style=\"color: #993366;\"><strong>SH1 Teddy, SH2 Robert, SD1 Marie, SD2 Aur\u00e9lie, DH Alex\/Teddy, DD Marie\/St\u00e9phanie, Mx1 St\u00e9phanie\/Robert, Mx2 Aur\u00e9lie\/Alex<\/strong><\/span>.<\/p>\n<p>On d\u00e9bute par le double dame: Align\u00e9es pour la premi\u00e8re fois ensemble, <strong>Marie<\/strong> et <strong>St\u00e9phanie<\/strong> vont mettre quelques minutes a trouver leurs marques avec pour cons\u00e9quence la perte du premier set (21-19). Puis les istr\u00e9ennes vont se mettre en route en remportant facilement le 2e set 21-09 avant de finalement ramener le 1er point \u00e0 ISB au terme d&rsquo;un 3e set accroch\u00e9 (21-17).<br \/>\nDans le m\u00eame temps, moins de probl\u00e8me pour la paire <strong>Teddy\/Alex<\/strong> qui l&#8217;emporte 21-17 21-13 pour ramener le 2e point \u00e0 ISB. 2-0 \u00e7a commence bien!<br \/>\nPlace aux simple dame 2 et simple homme 2 o\u00f9 <strong>Aur\u00e9lie<\/strong>, de plus en plus \u00e0 l&rsquo;aise en simple, et <strong>Robert<\/strong> ne vont laisser aucune chance \u00e0 leurs adversaires respectifs pour porter la marque \u00e0 4-0 pour ISB. Plus que la victoire, c&rsquo;est le point de bonus (en cas de victoire 8-0) que les istr\u00e9ens sont venus chercher. Cela passe forcement par des victoires en simple homme et dame 1 qui s\u2019\u00e9taient sold\u00e9s par de cuisantes d\u00e9faites au match aller.<br \/>\nC&rsquo;est donc un gros d\u00e9fi qui attend <strong>Marie<\/strong>, oppos\u00e9e \u00e0 la redoutable Ludivine Sevestre, et <strong>Teddy<\/strong>, oppos\u00e9 \u00e0 J\u00e9r\u00e9my Vidal. Mais notre <strong>Teddy<\/strong> en a vu d&rsquo;autres et c&rsquo;est avec autorit\u00e9, et malgr\u00e9 une belle r\u00e9sistance de J\u00e9r\u00e9my dans le 2e set, qu&rsquo;il remporte son simple 21-13 24-22.<br \/>\nMatch beaucoup plus accroch\u00e9 dans le simple dame 1 ou <strong>Marie<\/strong>, qui retrouve petit \u00e0 petit ses marques en simple, va remporter difficilement le premier set 21-17. Piqu\u00e9e au vif par la perte du premier set, Ludivine va r\u00e9agir et \u00e9galiser \u00e0 un set partout (21-15). Le 3e set s&rsquo;annonce dantesque. Les deux joueuses se rendent coup pour coup et notre <strong>Marie<\/strong> vire en t\u00eate \u00e0 la pause 11-9. Mais c&rsquo;est Ludivine qui va g\u00e9rer le mieux cette fin de match en se d\u00e9tachant pour mener 19-16. C&rsquo;est \u00e0 ce moment que notre istr\u00e9enne va trouver les ressources pour remonter \u00e0 18-19 avant LE point du match qui, apr\u00e8s une vingtaine de coups, va s&rsquo;achever par un smash gagnant de la joueuse de Port de Bouc. Touch\u00e9e par la perte de cet \u00e9norme point, <strong>Marie<\/strong> va finalement s&rsquo;incliner 21-18 au 3e set pour le 1er point de Port de Bouc dans cette rencontre. 5-1!<br \/>\nLe point de bonus envol\u00e9, les deux derniers matchs vont pr\u00e9senter beaucoup moins d&rsquo;enjeu, les istr\u00e9ens remportant les deux mixtes avec au passage une petite frayeur pour <strong>Alex<\/strong> et <strong>Aur\u00e9e<\/strong> qui perdent un set.<br \/>\n<strong>Score final 7-1 pour ISB!\u00a0<\/strong><\/p>\n<p>Mauvaise nouvelle \u00e0 l&rsquo;issue de cette rencontre puisque notre v\u00e9t\u00e9ran <strong>Robert<\/strong> souffre du genou gauche et doit d\u00e9clarer forfait pour la rencontre contre Martigues. C&rsquo;est donc le capitaine <strong>Phil<\/strong> qui, pour la premi\u00e8re fois de la saison, doit enfiler le bleu de chauffe pour aider son \u00e9quipe \u00e0 ramener les 5 pts (ou 6 en cas de 8-0) de la victoire.<\/p>\n<p>Voici la compo pour cette rencontre contre Martigues: <span style=\"color: #993366;\"><strong>SH1 Teddy, SH2 Alex, SD1 Marie, SD2 Aurelie, DH Phil\/Teddy, DD Marie\/St\u00e9phanie, Mx1 Aur\u00e9lie\/Alex, Mx2 St\u00e9phanie\/Phil<\/strong><\/span>.<\/p>\n<p>La rencontre d\u00e9bute par un double dame parfaitement maitris\u00e9 (21-15 21-09) par <strong>Marie<\/strong> et <strong>St\u00e9phanie<\/strong> qui marque le 1er point pour Istres.<br \/>\nDans le m\u00eame temps, \u00e9norme match du capitaine <strong>Phil<\/strong>, qui, bien \u00e9paul\u00e9 par <strong>Teddy<\/strong>, parvient \u00e0 hisser son niveau de jeu pour remporter le double homme sur le score de 25-23 21-12. Et 2-0 pour ISB!<br \/>\nPlace aux simples 2 homme et femme mettant en lice <strong>Alex<\/strong> et <strong>Aur\u00e9lie<\/strong>. Aucun probl\u00e8me pour <strong>Aur\u00e9lie<\/strong> qui remporte son simple 21-17 21-12 face \u00e0 une Agathe Monfort accrocheuse.<br \/>\nEn revanche, oppos\u00e9 \u00e0 Nicolas Simko qu&rsquo;il a d\u00e9j\u00e0 battu plusieurs fois par le pass\u00e9, <strong>Alex<\/strong> va vivre un match difficile&#8230; Face \u00e0 un Nicolas en pleine r\u00e9ussite, <strong>Alex<\/strong> va malgr\u00e9 tout s&rsquo;accrocher dans le premier set et m\u00eame faire la course en t\u00eate pour mener 20-18. C&rsquo;est alors que, rattrap\u00e9 par la nervosit\u00e9, <strong>Alex<\/strong> va d\u00e9jouer et s&rsquo;incliner 23-21 dans cette premi\u00e8re manche! Touch\u00e9 moralement et en totale perte de confiance, notre istr\u00e9en ne va pas exister dans le 2e set contre un Nico euphorique. R\u00e9sultat final 23-21 21-08 et 1er point pour Martigues dans cette rencontre qui recolle \u00e0 3-1. ISB fait donc une croix sur le point bonus qui pourrait \u00eatre d\u00e9cisif dans le d\u00e9compte final.<br \/>\nDans le SD1, <strong>Marie<\/strong>, bien remise de sa d\u00e9faite du matin, va se balader et l&#8217;emporter sur le score sans appel de 21-7 21-8. 4-1.<br \/>\nFort de sa victoire en double homme, c&rsquo;est en pleine confiance que le capitaine <strong>Phil<\/strong> aborde le mixte 2 il est vrai associ\u00e9 \u00e0 une <strong>St\u00e9phanie<\/strong> un niveau au dessus. Et c&rsquo;est donc en toute logique (et en configuration de double lol) que les istr\u00e9ens vont l&#8217;emporter 21-10 21-15. Et 5e point pour ISB qui assure dores et d\u00e9j\u00e0 la victoire dans la rencontre!<br \/>\nLe simple homme 1 et le mixte 1 se jouent donc pour l&rsquo;honneur avec une belle victoire arrach\u00e9e au bout du 3e set par <strong>Teddy<\/strong> oppos\u00e9 \u00e0 Cyril Demessine (16-21 21-9 21-19) et une victoire pour <strong>Aur\u00e9lie<\/strong> et <strong>Alex<\/strong> face \u00e0 la paire ROLAND\/FIZET (21-18 21-7).<\/p>\n<p><strong>C&rsquo;est donc avec un score final de 7-1 qu&rsquo;ISB remporte cette rencontre contre Martigues<\/strong>!<\/p>\n<p>Mission accomplie avec ces 2 victoires (malgr\u00e9 l&rsquo;absence de point de bonus) en attendant les r\u00e9sultats des autres matchs de la poule&#8230; Et surprise!! Pertuis, en t\u00eate avant cette journ\u00e9e, s&rsquo;est inclin\u00e9 5-3 contre Avignon avant de l&#8217;emporter de justesse devant Pernes 5-3 \u00e9galement. Ce r\u00e9sultat inesp\u00e9r\u00e9 fait largement les affaires d&rsquo;ISB qui retrouve la place de leader du classement g\u00e9n\u00e9ral avec 52 pts, 2 pts devant Pertuis. C&rsquo;est donc avec un petit matelas d&rsquo;avance que les istr\u00e9ens se rendront \u00e0 Digne pour l&rsquo;ultime journ\u00e9e o\u00f9 se joueront les 3 derni\u00e8res rencontres de la saison (dont celle tant attendu face \u00e0 Pertuis)<br \/>\nJe rappelle qu&rsquo;\u00e0 l&rsquo;issu de la saison, seul le 1er du classement acc\u00e8de \u00e0 la R\u00e9gionale 2.<\/p>\n<p><span style=\"font-size: 12pt;\"><strong>Rendez vous donc le dimanche 10 avril \u00e0 Digne avec, on l&rsquo;esp\u00e8re, un maximum de supporters istr\u00e9ens pour peut \u00eatre f\u00eater la mont\u00e9e!!<\/strong><\/span><\/p>\n<p>Allez Istres!<\/p>\n<p><a href=\"http:\/\/istressportsbadminton.com\/wp-content\/uploads\/2015\/11\/R3-classement-1.png\" rel=\"attachment wp-att-904\"><img loading=\"lazy\" class=\"alignnone size-full wp-image-904\" src=\"http:\/\/istressportsbadminton.com\/wp-content\/uploads\/2015\/11\/R3-classement-1.png\" alt=\"R3 classement\" width=\"1262\" height=\"279\" srcset=\"https:\/\/istressportsbadminton.com\/wp-content\/uploads\/2015\/11\/R3-classement-1.png 1262w, https:\/\/istressportsbadminton.com\/wp-content\/uploads\/2015\/11\/R3-classement-1-300x66.png 300w, https:\/\/istressportsbadminton.com\/wp-content\/uploads\/2015\/11\/R3-classement-1-768x170.png 768w, https:\/\/istressportsbadminton.com\/wp-content\/uploads\/2015\/11\/R3-classement-1-1024x226.png 1024w, https:\/\/istressportsbadminton.com\/wp-content\/uploads\/2015\/11\/R3-classement-1-5x1.png 5w\" sizes=\"(max-width: 709px) 85vw, (max-width: 909px) 67vw, (max-width: 1362px) 62vw, 840px\" \/><\/a><\/p>\n<p>Alex P<\/p>\n","protected":false},"excerpt":{"rendered":"<p>Salut tout le monde! Pour ceux qui n&rsquo;ont pas suivi en direct live le d\u00e9roulement de la journ\u00e9e d&rsquo;interclubs, voici le compte rendu de cette 5\u00e8me et avant derni\u00e8re journ\u00e9e de R\u00e9gionale 3: 2e du classement g\u00e9n\u00e9ral, Istres se d\u00e9pla\u00e7ait \u00e0 Eygui\u00e8res ce dimanche 20 mars pour y affronter Port de Bouc et Martigues. Pour &hellip; <a href=\"https:\/\/istressportsbadminton.com\/?page_id=911\" class=\"more-link\">Continuer la lecture<span class=\"screen-reader-text\"> de &laquo;&nbsp;Compte Rendu J5&nbsp;&raquo;<\/span><\/a><\/p>\n","protected":false},"author":3,"featured_media":0,"parent":0,"menu_order":0,"comment_status":"closed","ping_status":"closed","template":"","meta":{"sfsi_plus_gutenberg_text_before_share":"","sfsi_plus_gutenberg_show_text_before_share":"","sfsi_plus_gutenberg_icon_type":"","sfsi_plus_gutenberg_icon_alignemt":"","sfsi_plus_gutenburg_max_per_row":""},"_links":{"self":[{"href":"https:\/\/istressportsbadminton.com\/index.php?rest_route=\/wp\/v2\/pages\/911"}],"collection":[{"href":"https:\/\/istressportsbadminton.com\/index.php?rest_route=\/wp\/v2\/pages"}],"about":[{"href":"https:\/\/istressportsbadminton.com\/index.php?rest_route=\/wp\/v2\/types\/page"}],"author":[{"embeddable":true,"href":"https:\/\/istressportsbadminton.com\/index.php?rest_route=\/wp\/v2\/users\/3"}],"replies":[{"embeddable":true,"href":"https:\/\/istressportsbadminton.com\/index.php?rest_route=%2Fwp%2Fv2%2Fcomments&post=911"}],"version-history":[{"count":1,"href":"https:\/\/istressportsbadminton.com\/index.php?rest_route=\/wp\/v2\/pages\/911\/revisions"}],"predecessor-version":[{"id":912,"href":"https:\/\/istressportsbadminton.com\/index.php?rest_route=\/wp\/v2\/pages\/911\/revisions\/912"}],"wp:attachment":[{"href":"https:\/\/istressportsbadminton.com\/index.php?rest_route=%2Fwp%2Fv2%2Fmedia&parent=911"}],"curies":[{"name":"wp","href":"https:\/\/api.w.org\/{rel}","templated":true}]}}