{"id":921,"date":"2016-03-25T15:35:09","date_gmt":"2016-03-25T14:35:09","guid":{"rendered":"http:\/\/istressportsbadminton.com\/?page_id=921"},"modified":"2016-03-25T15:35:09","modified_gmt":"2016-03-25T14:35:09","slug":"gpa-simple-ensues","status":"publish","type":"page","link":"https:\/\/istressportsbadminton.com\/?page_id=921","title":{"rendered":"GPA Simple Ensu\u00e8s"},"content":{"rendered":"<p>Dimanche 20 mars se d\u00e9roulait \u00e0 Ensu\u00e8s un grand prix de simple. 2 istr\u00e9ens avaient fait le d\u00e9placement, <strong>Dorian<\/strong> en tableau D7\/D8, et <strong>Charles<\/strong> pour sa grande premi\u00e8re en tournoi, engag\u00e9 en D9\/P. Un dimanche qui va s\u2019av\u00e9rer sponsoris\u00e9 par la S\u00e9cu&#8230;<\/p>\n<p>Commen\u00e7ant par <strong>Charles<\/strong>, qui ne se pr\u00e9sente pas sur les terrains en toute possession de ses moyens, la faute \u00e0 une\u00a0rhino\u00a0les jours pr\u00e9c\u00e9dents. Et malgr\u00e9 cela, il d\u00e9bute id\u00e9alement avec une facile victoire en 2 sets. Le second match contre la t\u00eate de poule Teddy DJEMMA-FERRAZZA (Aix) est logiquement plus difficile. La premi\u00e8re manche est s\u00e8chement perdue 21-12. Mais bien conseill\u00e9 par Dorian, <strong>Charles<\/strong> va petit \u00e0 petit prendre la main dans cette rencontre,\u00a0et finir par l&#8217;emporter au terme de 2 sets bien ma\u00eetris\u00e9s, victoire 12-21\/ 21-15\/ 21-11. Direction les 1\/8\u00e8me de finale o\u00f9\u00a0l&rsquo;attend encore un D9, et malgr\u00e9 la fatigue, <strong>Charles<\/strong> l&#8217;emporte en 3 sets tout en contr\u00f4le. Courbatur\u00e9, et fatigu\u00e9, il h\u00e9site a participer au quart de finale mais il se fait violence pour affronter un autre gros morceau en la personne d&rsquo;Anthony JORQUERA d&rsquo;Aix. Le premier set est s\u00e8chement perdu. Mais istr\u00e9en s&rsquo;accroche, et m\u00e8ne 11-6 dans le second. Mais malheureusement l&rsquo;aventure s\u2019arr\u00eatera la, d\u00e9faite 21-16, dans un match que <strong>Charles<\/strong> aurait pu remporter s&rsquo;il avait \u00e9t\u00e9 \u00e0 100% de ses moyens. Il n&rsquo;en restera pas moins que la performance d&rsquo;ensemble a \u00e9t\u00e9 tr\u00e8s bonne pour un premier tournoi. Bravo!!<\/p>\n<p><strong>Dorian<\/strong>, lui aussi, arrivait sur ce grand prix tr\u00e8s amoindri, perturb\u00e9 par une gastro \u00e0 4h du mat. D\u00e9cid\u00e9ment!! Il remporte n\u00e9anmoins son premier match tranquillement contre Antoine BOISLIVEAU-ZIKA (Sausset), mais il prendra l&rsquo;eau ensuite contre son coll\u00e8gue J\u00e9r\u00e9my MAIRE (Ensu\u00e8s), un <strong>J\u00e9r\u00e9my<\/strong> qui remportera le tableau. Dorian, au bout du rouleau physiquement, se retire finalement et ne participe pas \u00e0 son quart de finale.<\/p>\n<p>&nbsp;<\/p>\n","protected":false},"excerpt":{"rendered":"<p>Dimanche 20 mars se d\u00e9roulait \u00e0 Ensu\u00e8s un grand prix de simple. 2 istr\u00e9ens avaient fait le d\u00e9placement, Dorian en tableau D7\/D8, et Charles pour sa grande premi\u00e8re en tournoi, engag\u00e9 en D9\/P. Un dimanche qui va s\u2019av\u00e9rer sponsoris\u00e9 par la S\u00e9cu&#8230; Commen\u00e7ant par Charles, qui ne se pr\u00e9sente pas sur les terrains en toute &hellip; <a href=\"https:\/\/istressportsbadminton.com\/?page_id=921\" class=\"more-link\">Continuer la lecture<span class=\"screen-reader-text\"> de &laquo;&nbsp;GPA Simple Ensu\u00e8s&nbsp;&raquo;<\/span><\/a><\/p>\n","protected":false},"author":3,"featured_media":0,"parent":0,"menu_order":0,"comment_status":"closed","ping_status":"closed","template":"","meta":{"sfsi_plus_gutenberg_text_before_share":"","sfsi_plus_gutenberg_show_text_before_share":"","sfsi_plus_gutenberg_icon_type":"","sfsi_plus_gutenberg_icon_alignemt":"","sfsi_plus_gutenburg_max_per_row":""},"_links":{"self":[{"href":"https:\/\/istressportsbadminton.com\/index.php?rest_route=\/wp\/v2\/pages\/921"}],"collection":[{"href":"https:\/\/istressportsbadminton.com\/index.php?rest_route=\/wp\/v2\/pages"}],"about":[{"href":"https:\/\/istressportsbadminton.com\/index.php?rest_route=\/wp\/v2\/types\/page"}],"author":[{"embeddable":true,"href":"https:\/\/istressportsbadminton.com\/index.php?rest_route=\/wp\/v2\/users\/3"}],"replies":[{"embeddable":true,"href":"https:\/\/istressportsbadminton.com\/index.php?rest_route=%2Fwp%2Fv2%2Fcomments&post=921"}],"version-history":[{"count":2,"href":"https:\/\/istressportsbadminton.com\/index.php?rest_route=\/wp\/v2\/pages\/921\/revisions"}],"predecessor-version":[{"id":923,"href":"https:\/\/istressportsbadminton.com\/index.php?rest_route=\/wp\/v2\/pages\/921\/revisions\/923"}],"wp:attachment":[{"href":"https:\/\/istressportsbadminton.com\/index.php?rest_route=%2Fwp%2Fv2%2Fmedia&parent=921"}],"curies":[{"name":"wp","href":"https:\/\/api.w.org\/{rel}","templated":true}]}}