{"id":927,"date":"2016-03-25T15:40:24","date_gmt":"2016-03-25T14:40:24","guid":{"rendered":"http:\/\/istressportsbadminton.com\/?page_id=927"},"modified":"2016-03-25T15:41:33","modified_gmt":"2016-03-25T14:41:33","slug":"compte-rendu-j7","status":"publish","type":"page","link":"https:\/\/istressportsbadminton.com\/?page_id=927","title":{"rendered":"Compte Rendu J7"},"content":{"rendered":"<p>La team Promobad du Captain Olive, 2\u00e8me de leur poule, se rendait en ce samedi matin 12 mars dans le beau gymnase de Sausset pour y affronter l&rsquo;\u00e9quipe locale, actuellement lanterne rouge.<\/p>\n<div>\n<div dir=\"ltr\">\n<div>10 joueurs \u00e9taient du d\u00e9placement, dont 3 petits nouveaux: M\u00e9lanie L, Christelle et Franck G. Ils \u00e9taient accompagn\u00e9s d&rsquo;Aur\u00e9lie G, J\u00e9r\u00e9my M, Fred, Laurent, Fran\u00e7ois, Alex D et bien sur du captain Olive.<\/div>\n<div><\/div>\n<div>10 matchs \u00e9taient programm\u00e9s.<\/div>\n<div><\/div>\n<div>L&rsquo;unique Double Dame est sereinement remport\u00e9 par <b>M\u00e9lanie <\/b>(pour sa premi\u00e8re) associ\u00e9e \u00e0 une <b>Aur\u00e9lie <\/b>de plus en plus \u00e0 l&rsquo;aise dans la comp\u00e9tition.<\/div>\n<div>Aucun probl\u00e8me non plus pour <b>Fran\u00e7ois <\/b>et <b>Alex <\/b>qui remportent ais\u00e9ment leurs 2 simples.<\/div>\n<div>Les 3 Doubles Mixtes seront \u00e9galement remport\u00e9s avec une belle autorit\u00e9: l&rsquo;association prometteuse <b>M\u00e9lanie\/Fran\u00e7ois<\/b>, le couple<b>Aur\u00e9lie\/Franck<\/b> (aucune sc\u00e8ne de m\u00e9nage a d\u00e9plorer pendant les \u00e9changes, ouf!!!), et la premi\u00e8re pour <b>Christelle <\/b>qui a super bien assur\u00e9 le job avec <b>J\u00e9r\u00e9my<\/b>.<\/div>\n<div><\/div>\n<div>C&rsquo;est une tout autre histoire pour le 3\u00e8me SH et <b>J\u00e9r\u00e9my <\/b>qui affronte un joueur qui semble montrer une r\u00e9elle facilit\u00e9 technique, et on se dit que la t\u00e2che risque d&rsquo;\u00eatre dure. Le premier set confirme cette impression, 21-12 pour le joueur de Sausset. Mais notre Istr\u00e9en revient petit \u00e0 petit dans le match et parvient a contrer son adversaire, et arrache superbement un 2\u00e8me set pourtant mal engag\u00e9, 21-19 aux forceps. Son adversaire ne se remettra pas de la perte de ce set. la physionomie du match ayant alors d\u00e9finitivement chang\u00e9, J\u00e9r\u00e9my d\u00e9roule 21-08 dans le dernier pour une superbe victoire. Bravo!<\/div>\n<div><\/div>\n<div><b>Fred\/Lolo<\/b> et<b> Olive\/Lolo <\/b>apporteront 2 points suppl\u00e9mentaires avec leurs victoires en Double Homme<b>. <\/b>La seule d\u00e9faite de la m\u00e2tin\u00e9 sera finalement a mettre au passif de<b>\u00a0Fred <\/b>et <b>Franck<\/b>. Bouhhhhh!!!\u00a0<img class=\"CToWUd\" title=\"Visage riant aux yeux souriants\" src=\"https:\/\/ci4.googleusercontent.com\/proxy\/tTsRyfCldZr6a9g35H_vvuTbQeKYCMhseiseUmnWCUGhCifAII87zhwECipc99DGVaYpNvOq=s0-d-e1-ft#https:\/\/a.gfx.ms\/emoji_1F601.png\" alt=\"Visage riant aux yeux souriants\" \/><\/div>\n<div><\/div>\n<div>Au final, nouvelle belle victoire 9\/1, \u00e0 nouveau une rencontre tr\u00e8s conviviale et un super accueil de la part de tr\u00e8s sympathiques joueurs de Sausset.<\/div>\n<div><\/div>\n<div>Rendez-vous le mercredi 30 mars pour ce qui sera la finale de cette poule avec la r\u00e9ception des leader St Canat.<\/div>\n<div><\/div>\n<\/div>\n<div><a href=\"http:\/\/istressportsbadminton.com\/wp-content\/uploads\/2015\/11\/ICP.png\" rel=\"attachment wp-att-864\"><img loading=\"lazy\" class=\"alignnone size-full wp-image-864\" src=\"http:\/\/istressportsbadminton.com\/wp-content\/uploads\/2015\/11\/ICP.png\" alt=\"ICP\" width=\"1127\" height=\"170\" srcset=\"https:\/\/istressportsbadminton.com\/wp-content\/uploads\/2015\/11\/ICP.png 1127w, https:\/\/istressportsbadminton.com\/wp-content\/uploads\/2015\/11\/ICP-300x45.png 300w, https:\/\/istressportsbadminton.com\/wp-content\/uploads\/2015\/11\/ICP-768x116.png 768w, https:\/\/istressportsbadminton.com\/wp-content\/uploads\/2015\/11\/ICP-1024x154.png 1024w, https:\/\/istressportsbadminton.com\/wp-content\/uploads\/2015\/11\/ICP-7x1.png 7w\" sizes=\"(max-width: 709px) 85vw, (max-width: 909px) 67vw, (max-width: 1362px) 62vw, 840px\" \/><\/a><\/div>\n<\/div>\n","protected":false},"excerpt":{"rendered":"<p>La team Promobad du Captain Olive, 2\u00e8me de leur poule, se rendait en ce samedi matin 12 mars dans le beau gymnase de Sausset pour y affronter l&rsquo;\u00e9quipe locale, actuellement lanterne rouge. 10 joueurs \u00e9taient du d\u00e9placement, dont 3 petits nouveaux: M\u00e9lanie L, Christelle et Franck G. Ils \u00e9taient accompagn\u00e9s d&rsquo;Aur\u00e9lie G, J\u00e9r\u00e9my M, Fred, &hellip; <a href=\"https:\/\/istressportsbadminton.com\/?page_id=927\" class=\"more-link\">Continuer la lecture<span class=\"screen-reader-text\"> de &laquo;&nbsp;Compte Rendu J7&nbsp;&raquo;<\/span><\/a><\/p>\n","protected":false},"author":3,"featured_media":0,"parent":0,"menu_order":0,"comment_status":"closed","ping_status":"closed","template":"","meta":{"sfsi_plus_gutenberg_text_before_share":"","sfsi_plus_gutenberg_show_text_before_share":"","sfsi_plus_gutenberg_icon_type":"","sfsi_plus_gutenberg_icon_alignemt":"","sfsi_plus_gutenburg_max_per_row":""},"_links":{"self":[{"href":"https:\/\/istressportsbadminton.com\/index.php?rest_route=\/wp\/v2\/pages\/927"}],"collection":[{"href":"https:\/\/istressportsbadminton.com\/index.php?rest_route=\/wp\/v2\/pages"}],"about":[{"href":"https:\/\/istressportsbadminton.com\/index.php?rest_route=\/wp\/v2\/types\/page"}],"author":[{"embeddable":true,"href":"https:\/\/istressportsbadminton.com\/index.php?rest_route=\/wp\/v2\/users\/3"}],"replies":[{"embeddable":true,"href":"https:\/\/istressportsbadminton.com\/index.php?rest_route=%2Fwp%2Fv2%2Fcomments&post=927"}],"version-history":[{"count":3,"href":"https:\/\/istressportsbadminton.com\/index.php?rest_route=\/wp\/v2\/pages\/927\/revisions"}],"predecessor-version":[{"id":930,"href":"https:\/\/istressportsbadminton.com\/index.php?rest_route=\/wp\/v2\/pages\/927\/revisions\/930"}],"wp:attachment":[{"href":"https:\/\/istressportsbadminton.com\/index.php?rest_route=%2Fwp%2Fv2%2Fmedia&parent=927"}],"curies":[{"name":"wp","href":"https:\/\/api.w.org\/{rel}","templated":true}]}}