{"id":932,"date":"2016-03-25T15:47:45","date_gmt":"2016-03-25T14:47:45","guid":{"rendered":"http:\/\/istressportsbadminton.com\/?page_id=932"},"modified":"2016-03-25T15:47:45","modified_gmt":"2016-03-25T14:47:45","slug":"compte-rendu-j5-2","status":"publish","type":"page","link":"https:\/\/istressportsbadminton.com\/?page_id=932","title":{"rendered":"Compte Rendu J5"},"content":{"rendered":"<p>L\u2019\u00e9quipe de Promobad, 2\u00e8me de sa poule, accueillait Mallemort, 4\u00e8me, pour la derni\u00e8re rencontre des matchs aller avec pour objectif de l&#8217;emporter pour rester au contact du leader St Cannat.<\/p>\n<p>&nbsp;<\/p>\n<div>Avait \u00e9t\u00e9 retenu une \u00e9quipe comprenant 4 nouvelles t\u00eate, <b>Nathan <\/b>et <b>J\u00e9r\u00e9my Mercier<\/b> chez les hommes, <b>Vatsarinh <\/b>(Tou) et <b>Laure <\/b>chez les filles, accompagnant <b>Claire<\/b>, <b>Aur\u00e9lie<\/b>, <b>Florian<\/b>, <b>Laurent<\/b>, <b>Valentin<\/b>, <b>Seb<\/b>, <b>Vincent <\/b>et <b>Olivier <\/b>pour 12 matchs planifi\u00e9s (3 SH, 3 DH, 3 DD et 3 MX).<\/div>\n<div><\/div>\n<div>La rencontre d\u00e9bute tr\u00e8s bien avec 2 premiers simples hommes joliment remport\u00e9s par <b>J\u00e9r\u00e9my <\/b>et <b>Nathan <\/b>pour leur grande premi\u00e8re. Le dernier match de la premi\u00e8re rotation voyait les 2 copines <b>Claire <\/b>et <b>Aur\u00e9lie <\/b>associ\u00e9es pour un double dame malheureusement entach\u00e9 par une cheville tordu pour <b>Claire <\/b>lors de la premi\u00e8re manche. Elle finira quand m\u00eame courageusement une rencontre que les filles perdront de justesse 21-16 \/21-19. Rageant! 2-1 pour ISB.<\/div>\n<div>La seconde rotation voit <b>Seb<\/b>, pour sa premi\u00e8re en simple, l&#8217;emporter solidement et les premiers pas victorieux dans la compet de <b>Tou <\/b>et\u00a0<b>Laure <\/b>associ\u00e9es respectivement \u00e0 <b>Laurent <\/b>et <b>Olivier<\/b>.<\/div>\n<div>5-1, ne manquaient plus que 2 petits point pour assurer la victoire!<\/div>\n<div>Et ce va \u00eatre brillamment fait d\u00e9s les 2 matchs suivants avec la paire <b>Florian<\/b>\/<b>Laurent <\/b>et le mixte <b>J\u00e9r\u00e9my<\/b>\/<b>Aur\u00e9lie<\/b>.<\/div>\n<div><\/div>\n<div>7-1, la victoire \u00e9t\u00e9 dans la poche, les derniers matchs pouvaient se d\u00e9rouler sans pression: <b>Valentin<\/b>\/<b>Nathan <\/b>et <b>Olivier<\/b>\/<b>Vincent <\/b>ajoutent 2 points suppl\u00e9mentaires lors de 2 doubles tr\u00e8s bien ma\u00eetris\u00e9s. Les 2 derniers doubles dames perdus (<b>Tou<\/b>\/<b>Laure <\/b>et <b>Aur\u00e9lie<\/b>\/<b>Laure<\/b>), n&rsquo;y changeront rien, nouvelle solide victoire Istr\u00e9enne 9-3.<\/div>\n<div><\/div>\n<div>L&rsquo;\u00e9quipe PromoBad reste donc solidement 2\u00e8me, \u00e0 port\u00e9e de St Cannat et avec l&rsquo;objectif de leur passer devant lors de ce qui sera certainement la finale de cette poule le 22 mars \u00e0 Istres.<\/div>\n<div><\/div>\n<div>En attendant, encore une tr\u00e8s belle int\u00e9gration des p&rsquo;tits nouveaux qui auront pu mettre un premier pas dans de la comp\u00e9tition, objectif avou\u00e9 de la mise en place de ce championnat PromoBad.<\/div>\n<div><\/div>\n<div>Et dernier point infirmerie, la cheville de <b>Claire <\/b>va beaucoup mieux, plus de peur que de mal, elle sera rapidement de retour sur les terrains<img class=\"CToWUd\" src=\"https:\/\/mail.google.com\/mail\/e\/1f609\" alt=\"&#x1f609;\" data-goomoji=\"1f609\" \/><\/div>\n<div><\/div>\n<div><a href=\"http:\/\/istressportsbadminton.com\/wp-content\/uploads\/2015\/11\/classement-ICP-1.jpg\" rel=\"attachment wp-att-749\"><img loading=\"lazy\" class=\"alignnone size-full wp-image-749\" src=\"http:\/\/istressportsbadminton.com\/wp-content\/uploads\/2015\/11\/classement-ICP-1.jpg\" alt=\"classement ICP\" width=\"1122\" height=\"172\" srcset=\"https:\/\/istressportsbadminton.com\/wp-content\/uploads\/2015\/11\/classement-ICP-1.jpg 1122w, https:\/\/istressportsbadminton.com\/wp-content\/uploads\/2015\/11\/classement-ICP-1-300x46.jpg 300w, https:\/\/istressportsbadminton.com\/wp-content\/uploads\/2015\/11\/classement-ICP-1-768x118.jpg 768w, https:\/\/istressportsbadminton.com\/wp-content\/uploads\/2015\/11\/classement-ICP-1-1024x157.jpg 1024w, https:\/\/istressportsbadminton.com\/wp-content\/uploads\/2015\/11\/classement-ICP-1-7x1.jpg 7w\" sizes=\"(max-width: 709px) 85vw, (max-width: 909px) 67vw, (max-width: 1362px) 62vw, 840px\" \/><\/a><\/div>\n","protected":false},"excerpt":{"rendered":"<p>L\u2019\u00e9quipe de Promobad, 2\u00e8me de sa poule, accueillait Mallemort, 4\u00e8me, pour la derni\u00e8re rencontre des matchs aller avec pour objectif de l&#8217;emporter pour rester au contact du leader St Cannat. &nbsp; Avait \u00e9t\u00e9 retenu une \u00e9quipe comprenant 4 nouvelles t\u00eate, Nathan et J\u00e9r\u00e9my Mercier chez les hommes, Vatsarinh (Tou) et Laure chez les filles, accompagnant &hellip; <a href=\"https:\/\/istressportsbadminton.com\/?page_id=932\" class=\"more-link\">Continuer la lecture<span class=\"screen-reader-text\"> de &laquo;&nbsp;Compte Rendu J5&nbsp;&raquo;<\/span><\/a><\/p>\n","protected":false},"author":3,"featured_media":0,"parent":0,"menu_order":0,"comment_status":"closed","ping_status":"closed","template":"","meta":{"sfsi_plus_gutenberg_text_before_share":"","sfsi_plus_gutenberg_show_text_before_share":"","sfsi_plus_gutenberg_icon_type":"","sfsi_plus_gutenberg_icon_alignemt":"","sfsi_plus_gutenburg_max_per_row":""},"_links":{"self":[{"href":"https:\/\/istressportsbadminton.com\/index.php?rest_route=\/wp\/v2\/pages\/932"}],"collection":[{"href":"https:\/\/istressportsbadminton.com\/index.php?rest_route=\/wp\/v2\/pages"}],"about":[{"href":"https:\/\/istressportsbadminton.com\/index.php?rest_route=\/wp\/v2\/types\/page"}],"author":[{"embeddable":true,"href":"https:\/\/istressportsbadminton.com\/index.php?rest_route=\/wp\/v2\/users\/3"}],"replies":[{"embeddable":true,"href":"https:\/\/istressportsbadminton.com\/index.php?rest_route=%2Fwp%2Fv2%2Fcomments&post=932"}],"version-history":[{"count":1,"href":"https:\/\/istressportsbadminton.com\/index.php?rest_route=\/wp\/v2\/pages\/932\/revisions"}],"predecessor-version":[{"id":933,"href":"https:\/\/istressportsbadminton.com\/index.php?rest_route=\/wp\/v2\/pages\/932\/revisions\/933"}],"wp:attachment":[{"href":"https:\/\/istressportsbadminton.com\/index.php?rest_route=%2Fwp%2Fv2%2Fmedia&parent=932"}],"curies":[{"name":"wp","href":"https:\/\/api.w.org\/{rel}","templated":true}]}}