{"id":935,"date":"2016-03-25T15:50:43","date_gmt":"2016-03-25T14:50:43","guid":{"rendered":"http:\/\/istressportsbadminton.com\/?page_id=935"},"modified":"2016-03-25T15:50:43","modified_gmt":"2016-03-25T14:50:43","slug":"compte-rendu-j5-3","status":"publish","type":"page","link":"https:\/\/istressportsbadminton.com\/?page_id=935","title":{"rendered":"Compte Rendu J5"},"content":{"rendered":"<p>Le 27 janvier, \u00e0 l&rsquo;occasion de la 5e journ\u00e9e, Istres se d\u00e9pla\u00e7ait \u00e0 Bouc Bel Air pour la conclusion de la phase aller avec \u00e0 la clef une victoire sur le score sans appel de 7-0! Bravo \u00e0 Dorian, Thibaud, Franck, Phil, Annie et Christine pour cette belle performance qui permet \u00e0 l&rsquo;\u00e9quipe de pointer en t\u00eate (ex aequo avec St Martin) \u00e0 mi chemin de la saison r\u00e9guli\u00e8re profitant de la d\u00e9faite surprise de La M\u00e8de \u00e0 Simiane.<\/p>\n<p><a href=\"http:\/\/istressportsbadminton.com\/wp-content\/uploads\/2015\/11\/classement-D4.jpg\" rel=\"attachment wp-att-708\"><img loading=\"lazy\" class=\"alignnone size-full wp-image-708\" src=\"http:\/\/istressportsbadminton.com\/wp-content\/uploads\/2015\/11\/classement-D4.jpg\" alt=\"classement D4\" width=\"1261\" height=\"227\" srcset=\"https:\/\/istressportsbadminton.com\/wp-content\/uploads\/2015\/11\/classement-D4.jpg 1261w, https:\/\/istressportsbadminton.com\/wp-content\/uploads\/2015\/11\/classement-D4-300x54.jpg 300w, https:\/\/istressportsbadminton.com\/wp-content\/uploads\/2015\/11\/classement-D4-1024x184.jpg 1024w, https:\/\/istressportsbadminton.com\/wp-content\/uploads\/2015\/11\/classement-D4-6x1.jpg 6w\" sizes=\"(max-width: 709px) 85vw, (max-width: 909px) 67vw, (max-width: 1362px) 62vw, 840px\" \/><\/a><\/p>\n","protected":false},"excerpt":{"rendered":"<p>Le 27 janvier, \u00e0 l&rsquo;occasion de la 5e journ\u00e9e, Istres se d\u00e9pla\u00e7ait \u00e0 Bouc Bel Air pour la conclusion de la phase aller avec \u00e0 la clef une victoire sur le score sans appel de 7-0! Bravo \u00e0 Dorian, Thibaud, Franck, Phil, Annie et Christine pour cette belle performance qui permet \u00e0 l&rsquo;\u00e9quipe de pointer &hellip; <a href=\"https:\/\/istressportsbadminton.com\/?page_id=935\" class=\"more-link\">Continuer la lecture<span class=\"screen-reader-text\"> de &laquo;&nbsp;Compte Rendu J5&nbsp;&raquo;<\/span><\/a><\/p>\n","protected":false},"author":3,"featured_media":0,"parent":0,"menu_order":0,"comment_status":"closed","ping_status":"closed","template":"","meta":{"sfsi_plus_gutenberg_text_before_share":"","sfsi_plus_gutenberg_show_text_before_share":"","sfsi_plus_gutenberg_icon_type":"","sfsi_plus_gutenberg_icon_alignemt":"","sfsi_plus_gutenburg_max_per_row":""},"_links":{"self":[{"href":"https:\/\/istressportsbadminton.com\/index.php?rest_route=\/wp\/v2\/pages\/935"}],"collection":[{"href":"https:\/\/istressportsbadminton.com\/index.php?rest_route=\/wp\/v2\/pages"}],"about":[{"href":"https:\/\/istressportsbadminton.com\/index.php?rest_route=\/wp\/v2\/types\/page"}],"author":[{"embeddable":true,"href":"https:\/\/istressportsbadminton.com\/index.php?rest_route=\/wp\/v2\/users\/3"}],"replies":[{"embeddable":true,"href":"https:\/\/istressportsbadminton.com\/index.php?rest_route=%2Fwp%2Fv2%2Fcomments&post=935"}],"version-history":[{"count":1,"href":"https:\/\/istressportsbadminton.com\/index.php?rest_route=\/wp\/v2\/pages\/935\/revisions"}],"predecessor-version":[{"id":936,"href":"https:\/\/istressportsbadminton.com\/index.php?rest_route=\/wp\/v2\/pages\/935\/revisions\/936"}],"wp:attachment":[{"href":"https:\/\/istressportsbadminton.com\/index.php?rest_route=%2Fwp%2Fv2%2Fmedia&parent=935"}],"curies":[{"name":"wp","href":"https:\/\/api.w.org\/{rel}","templated":true}]}}