{"id":939,"date":"2016-03-25T15:53:12","date_gmt":"2016-03-25T14:53:12","guid":{"rendered":"http:\/\/istressportsbadminton.com\/?page_id=939"},"modified":"2016-03-25T15:53:12","modified_gmt":"2016-03-25T14:53:12","slug":"compte-rendu-j7-2","status":"publish","type":"page","link":"https:\/\/istressportsbadminton.com\/?page_id=939","title":{"rendered":"Compte Rendu J7"},"content":{"rendered":"<p>Ce lundi 7 mars, Istres se d\u00e9pla\u00e7ait \u00e0 Simiane (4e de la poule) pour le compte de la 7e journ\u00e9e. Et c&rsquo;est sans trembler qu&rsquo;ISB va l&#8217;emporter 5-2, bien renforc\u00e9 par St\u00e9phane et avec, entre autre, un super match de la paire Christine\/Dorian en double mixte \ud83d\ude09<br \/>\nProchain rendez-vous mercredi 23 mars \u00e0 Pelissanne!<\/p>\n<p><a href=\"http:\/\/istressportsbadminton.com\/wp-content\/uploads\/2016\/03\/D4.png\" rel=\"attachment wp-att-862\"><img loading=\"lazy\" class=\"alignnone size-full wp-image-862\" src=\"http:\/\/istressportsbadminton.com\/wp-content\/uploads\/2016\/03\/D4.png\" alt=\"D4\" width=\"1250\" height=\"223\" srcset=\"https:\/\/istressportsbadminton.com\/wp-content\/uploads\/2016\/03\/D4.png 1250w, https:\/\/istressportsbadminton.com\/wp-content\/uploads\/2016\/03\/D4-300x54.png 300w, https:\/\/istressportsbadminton.com\/wp-content\/uploads\/2016\/03\/D4-768x137.png 768w, https:\/\/istressportsbadminton.com\/wp-content\/uploads\/2016\/03\/D4-1024x183.png 1024w, https:\/\/istressportsbadminton.com\/wp-content\/uploads\/2016\/03\/D4-6x1.png 6w\" sizes=\"(max-width: 709px) 85vw, (max-width: 909px) 67vw, (max-width: 1362px) 62vw, 840px\" \/><\/a><\/p>\n","protected":false},"excerpt":{"rendered":"<p>Ce lundi 7 mars, Istres se d\u00e9pla\u00e7ait \u00e0 Simiane (4e de la poule) pour le compte de la 7e journ\u00e9e. Et c&rsquo;est sans trembler qu&rsquo;ISB va l&#8217;emporter 5-2, bien renforc\u00e9 par St\u00e9phane et avec, entre autre, un super match de la paire Christine\/Dorian en double mixte \ud83d\ude09 Prochain rendez-vous mercredi 23 mars \u00e0 Pelissanne!<\/p>\n","protected":false},"author":3,"featured_media":0,"parent":0,"menu_order":0,"comment_status":"closed","ping_status":"closed","template":"","meta":{"sfsi_plus_gutenberg_text_before_share":"","sfsi_plus_gutenberg_show_text_before_share":"","sfsi_plus_gutenberg_icon_type":"","sfsi_plus_gutenberg_icon_alignemt":"","sfsi_plus_gutenburg_max_per_row":""},"_links":{"self":[{"href":"https:\/\/istressportsbadminton.com\/index.php?rest_route=\/wp\/v2\/pages\/939"}],"collection":[{"href":"https:\/\/istressportsbadminton.com\/index.php?rest_route=\/wp\/v2\/pages"}],"about":[{"href":"https:\/\/istressportsbadminton.com\/index.php?rest_route=\/wp\/v2\/types\/page"}],"author":[{"embeddable":true,"href":"https:\/\/istressportsbadminton.com\/index.php?rest_route=\/wp\/v2\/users\/3"}],"replies":[{"embeddable":true,"href":"https:\/\/istressportsbadminton.com\/index.php?rest_route=%2Fwp%2Fv2%2Fcomments&post=939"}],"version-history":[{"count":1,"href":"https:\/\/istressportsbadminton.com\/index.php?rest_route=\/wp\/v2\/pages\/939\/revisions"}],"predecessor-version":[{"id":940,"href":"https:\/\/istressportsbadminton.com\/index.php?rest_route=\/wp\/v2\/pages\/939\/revisions\/940"}],"wp:attachment":[{"href":"https:\/\/istressportsbadminton.com\/index.php?rest_route=%2Fwp%2Fv2%2Fmedia&parent=939"}],"curies":[{"name":"wp","href":"https:\/\/api.w.org\/{rel}","templated":true}]}}