{"id":946,"date":"2016-03-25T15:56:05","date_gmt":"2016-03-25T14:56:05","guid":{"rendered":"http:\/\/istressportsbadminton.com\/?page_id=946"},"modified":"2016-03-25T15:56:05","modified_gmt":"2016-03-25T14:56:05","slug":"compte-rendu-j6-2","status":"publish","type":"page","link":"https:\/\/istressportsbadminton.com\/?page_id=946","title":{"rendered":"Compte Rendu J6"},"content":{"rendered":"<p>Le 24 f\u00e9vrier, ISB se d\u00e9pla\u00e7ait chez son dauphin Aubagne, seule \u00e9quipe \u00e0 suivre le rythme du leader istr\u00e9en. Et malgr\u00e9 le renfort de <strong>R\u00e9gine<\/strong>, fra\u00eechement licenci\u00e9e au club, qui rempla\u00e7ait <strong>Amelie<\/strong> r\u00e9cemment op\u00e9r\u00e9e du genou, Aubagne va se venger de sa d\u00e9faite du match aller en l&#8217;emportant sur le score de 4-3! Les istr\u00e9ens pourront regretter la d\u00e9faite de Jean Pierre 21-19 au 3e set qui aurait pu faire basculer la rencontre&#8230; Gr\u00e2ce \u00e0 cette victoire, Aubagne rejoint ISB en t\u00eate du classement \u00e0 \u00e9galit\u00e9 de point.<\/p>\n<p><a href=\"http:\/\/istressportsbadminton.com\/wp-content\/uploads\/2015\/11\/D1.png\" rel=\"attachment wp-att-823\"><img loading=\"lazy\" class=\"alignnone size-full wp-image-823\" src=\"http:\/\/istressportsbadminton.com\/wp-content\/uploads\/2015\/11\/D1.png\" alt=\"D1\" width=\"1072\" height=\"171\" srcset=\"https:\/\/istressportsbadminton.com\/wp-content\/uploads\/2015\/11\/D1.png 1072w, https:\/\/istressportsbadminton.com\/wp-content\/uploads\/2015\/11\/D1-300x48.png 300w, https:\/\/istressportsbadminton.com\/wp-content\/uploads\/2015\/11\/D1-768x123.png 768w, https:\/\/istressportsbadminton.com\/wp-content\/uploads\/2015\/11\/D1-1024x163.png 1024w, https:\/\/istressportsbadminton.com\/wp-content\/uploads\/2015\/11\/D1-6x1.png 6w\" sizes=\"(max-width: 709px) 85vw, (max-width: 909px) 67vw, (max-width: 1362px) 62vw, 840px\" \/><\/a><\/p>\n","protected":false},"excerpt":{"rendered":"<p>Le 24 f\u00e9vrier, ISB se d\u00e9pla\u00e7ait chez son dauphin Aubagne, seule \u00e9quipe \u00e0 suivre le rythme du leader istr\u00e9en. Et malgr\u00e9 le renfort de R\u00e9gine, fra\u00eechement licenci\u00e9e au club, qui rempla\u00e7ait Amelie r\u00e9cemment op\u00e9r\u00e9e du genou, Aubagne va se venger de sa d\u00e9faite du match aller en l&#8217;emportant sur le score de 4-3! Les istr\u00e9ens &hellip; <a href=\"https:\/\/istressportsbadminton.com\/?page_id=946\" class=\"more-link\">Continuer la lecture<span class=\"screen-reader-text\"> de &laquo;&nbsp;Compte Rendu J6&nbsp;&raquo;<\/span><\/a><\/p>\n","protected":false},"author":3,"featured_media":0,"parent":0,"menu_order":0,"comment_status":"closed","ping_status":"closed","template":"","meta":{"sfsi_plus_gutenberg_text_before_share":"","sfsi_plus_gutenberg_show_text_before_share":"","sfsi_plus_gutenberg_icon_type":"","sfsi_plus_gutenberg_icon_alignemt":"","sfsi_plus_gutenburg_max_per_row":""},"_links":{"self":[{"href":"https:\/\/istressportsbadminton.com\/index.php?rest_route=\/wp\/v2\/pages\/946"}],"collection":[{"href":"https:\/\/istressportsbadminton.com\/index.php?rest_route=\/wp\/v2\/pages"}],"about":[{"href":"https:\/\/istressportsbadminton.com\/index.php?rest_route=\/wp\/v2\/types\/page"}],"author":[{"embeddable":true,"href":"https:\/\/istressportsbadminton.com\/index.php?rest_route=\/wp\/v2\/users\/3"}],"replies":[{"embeddable":true,"href":"https:\/\/istressportsbadminton.com\/index.php?rest_route=%2Fwp%2Fv2%2Fcomments&post=946"}],"version-history":[{"count":1,"href":"https:\/\/istressportsbadminton.com\/index.php?rest_route=\/wp\/v2\/pages\/946\/revisions"}],"predecessor-version":[{"id":947,"href":"https:\/\/istressportsbadminton.com\/index.php?rest_route=\/wp\/v2\/pages\/946\/revisions\/947"}],"wp:attachment":[{"href":"https:\/\/istressportsbadminton.com\/index.php?rest_route=%2Fwp%2Fv2%2Fmedia&parent=946"}],"curies":[{"name":"wp","href":"https:\/\/api.w.org\/{rel}","templated":true}]}}