{"id":948,"date":"2016-03-25T15:57:28","date_gmt":"2016-03-25T14:57:28","guid":{"rendered":"http:\/\/istressportsbadminton.com\/?page_id=948"},"modified":"2016-03-25T15:57:28","modified_gmt":"2016-03-25T14:57:28","slug":"compte-rendu-j7-3","status":"publish","type":"page","link":"https:\/\/istressportsbadminton.com\/?page_id=948","title":{"rendered":"Compte Rendu J7"},"content":{"rendered":"<p>Lundi 7 mars, le programme de la 7e journ\u00e9e offrait \u00e0 l&rsquo;\u00e9quipe d&rsquo;Istres un d\u00e9placement chez nos amis de Salon. Pour cette rencontre, les istr\u00e9ens se pr\u00e9sentaient avec une seule fille (<strong>Agn\u00e8s<\/strong>) d\u00e9clarant du coup forfait pour le double dame (+1 pour Salon et -1 pour Istres). Et en d\u00e9pit de cet handicap, ISB l&#8217;emporte sans trembler 4-2 malgr\u00e9 la perte du double mixte.<\/p>\n<p>Prochain rendez-vous mardi 22 mars \u00e0 Vitrolles!<\/p>\n<p><a href=\"http:\/\/istressportsbadminton.com\/wp-content\/uploads\/2016\/03\/D1.png\" rel=\"attachment wp-att-860\"><img loading=\"lazy\" class=\"alignnone size-full wp-image-860\" src=\"http:\/\/istressportsbadminton.com\/wp-content\/uploads\/2016\/03\/D1.png\" alt=\"D1\" width=\"1082\" height=\"191\" srcset=\"https:\/\/istressportsbadminton.com\/wp-content\/uploads\/2016\/03\/D1.png 1082w, https:\/\/istressportsbadminton.com\/wp-content\/uploads\/2016\/03\/D1-300x53.png 300w, https:\/\/istressportsbadminton.com\/wp-content\/uploads\/2016\/03\/D1-768x136.png 768w, https:\/\/istressportsbadminton.com\/wp-content\/uploads\/2016\/03\/D1-1024x181.png 1024w, https:\/\/istressportsbadminton.com\/wp-content\/uploads\/2016\/03\/D1-6x1.png 6w\" sizes=\"(max-width: 709px) 85vw, (max-width: 909px) 67vw, (max-width: 1362px) 62vw, 840px\" \/><\/a><\/p>\n","protected":false},"excerpt":{"rendered":"<p>Lundi 7 mars, le programme de la 7e journ\u00e9e offrait \u00e0 l&rsquo;\u00e9quipe d&rsquo;Istres un d\u00e9placement chez nos amis de Salon. Pour cette rencontre, les istr\u00e9ens se pr\u00e9sentaient avec une seule fille (Agn\u00e8s) d\u00e9clarant du coup forfait pour le double dame (+1 pour Salon et -1 pour Istres). Et en d\u00e9pit de cet handicap, ISB l&#8217;emporte &hellip; <a href=\"https:\/\/istressportsbadminton.com\/?page_id=948\" class=\"more-link\">Continuer la lecture<span class=\"screen-reader-text\"> de &laquo;&nbsp;Compte Rendu J7&nbsp;&raquo;<\/span><\/a><\/p>\n","protected":false},"author":3,"featured_media":0,"parent":0,"menu_order":0,"comment_status":"closed","ping_status":"closed","template":"","meta":{"sfsi_plus_gutenberg_text_before_share":"","sfsi_plus_gutenberg_show_text_before_share":"","sfsi_plus_gutenberg_icon_type":"","sfsi_plus_gutenberg_icon_alignemt":"","sfsi_plus_gutenburg_max_per_row":""},"_links":{"self":[{"href":"https:\/\/istressportsbadminton.com\/index.php?rest_route=\/wp\/v2\/pages\/948"}],"collection":[{"href":"https:\/\/istressportsbadminton.com\/index.php?rest_route=\/wp\/v2\/pages"}],"about":[{"href":"https:\/\/istressportsbadminton.com\/index.php?rest_route=\/wp\/v2\/types\/page"}],"author":[{"embeddable":true,"href":"https:\/\/istressportsbadminton.com\/index.php?rest_route=\/wp\/v2\/users\/3"}],"replies":[{"embeddable":true,"href":"https:\/\/istressportsbadminton.com\/index.php?rest_route=%2Fwp%2Fv2%2Fcomments&post=948"}],"version-history":[{"count":1,"href":"https:\/\/istressportsbadminton.com\/index.php?rest_route=\/wp\/v2\/pages\/948\/revisions"}],"predecessor-version":[{"id":949,"href":"https:\/\/istressportsbadminton.com\/index.php?rest_route=\/wp\/v2\/pages\/948\/revisions\/949"}],"wp:attachment":[{"href":"https:\/\/istressportsbadminton.com\/index.php?rest_route=%2Fwp%2Fv2%2Fmedia&parent=948"}],"curies":[{"name":"wp","href":"https:\/\/api.w.org\/{rel}","templated":true}]}}