{"id":953,"date":"2016-03-25T16:00:03","date_gmt":"2016-03-25T15:00:03","guid":{"rendered":"http:\/\/istressportsbadminton.com\/?page_id=953"},"modified":"2016-03-25T16:00:03","modified_gmt":"2016-03-25T15:00:03","slug":"compte-rendu-j3-3","status":"publish","type":"page","link":"https:\/\/istressportsbadminton.com\/?page_id=953","title":{"rendered":"Compte Rendu J3"},"content":{"rendered":"<p>Le dimanche 31 janvier, Istres Sports Badminton recevait la 3e journ\u00e9e du championnat de r\u00e9gional 3 \u00e0 Donadieu. A cette occasion, Istres accueillait les \u00e9quipes de Dignes, d&rsquo;Eygui\u00e8res et de Pertuis avec 3 rencontres au programme pour chacune des 3 \u00e9quipes. L&rsquo;objectif pour Istres, actuellement 2e, \u00e9tait simple: \u00e9viter \u00e0 tout prix les faux pas apr\u00e8s le nul contre Port de Bouc lors de la pr\u00e9c\u00e9dente journ\u00e9e et tenter de battre l&rsquo;intouchable \u00e9quipe de Pertuis, leader invaincu de la poule, lors du match au sommet de cette journ\u00e9e.<\/p>\n<p>Aucun probl\u00e8me pour le premier match de la journ\u00e9e avec une victoire facile 7-1 contre Digne passant tout pr\u00e8s du bonus offensif (d\u00e9faite en simple dame 1).<\/p>\n<p>Dans le choc de la journ\u00e9e, le leader Pertuis et son dauphin Istres ne vont pas parvenir \u00e0 se d\u00e9partager avec 4 victoires en simple pour les pertuisiens et 4 victoires en double pour les istr\u00e9ens (4-4). Malgr\u00e9 le coup de poker tent\u00e9 par Phil en \u00ab\u00a0sacrifiant\u00a0\u00bb les simples dames pour aligner Teddy en SH1, la victoire \u00e9chappe donc \u00e0 ISB qui passe m\u00eame tout pr\u00e8s d&rsquo;une d\u00e9faite qui aurait \u00e9t\u00e9 r\u00e9dhibitoire en remportant de justesse le dernier mixte.<\/p>\n<p>Enfin dans la derni\u00e8re rencontre de la journ\u00e9e, Istres dispose d&rsquo;Eygui\u00e8res sur le score de 6-2 passant la encore tout pr\u00e8s d&rsquo;un point bonus (2 d\u00e9faites en 3 sets..)<\/p>\n<p>Dans les autres matchs de la journ\u00e9e, la grosse surprise est venue de Digne qui est parvenue \u00e0 accrocher le leader Pertuis (4-4) offrant par la m\u00eame occasion la premi\u00e8re place (au match average) \u00e0 ISB qui pointe donc en t\u00eate \u00e0 mi parcours de ce passionnant championnat de r\u00e9gional 3!<\/p>\n<p><a href=\"http:\/\/istressportsbadminton.com\/wp-content\/uploads\/2015\/11\/Classement-R3v2.jpg\" rel=\"attachment wp-att-714\"><img loading=\"lazy\" class=\"alignnone size-full wp-image-714\" src=\"http:\/\/istressportsbadminton.com\/wp-content\/uploads\/2015\/11\/Classement-R3v2.jpg\" alt=\"Classement R3v2\" width=\"904\" height=\"206\" srcset=\"https:\/\/istressportsbadminton.com\/wp-content\/uploads\/2015\/11\/Classement-R3v2.jpg 904w, https:\/\/istressportsbadminton.com\/wp-content\/uploads\/2015\/11\/Classement-R3v2-300x68.jpg 300w, https:\/\/istressportsbadminton.com\/wp-content\/uploads\/2015\/11\/Classement-R3v2-768x175.jpg 768w, https:\/\/istressportsbadminton.com\/wp-content\/uploads\/2015\/11\/Classement-R3v2-4x1.jpg 4w\" sizes=\"(max-width: 709px) 85vw, (max-width: 909px) 67vw, (max-width: 1362px) 62vw, 840px\" \/><\/a><\/p>\n","protected":false},"excerpt":{"rendered":"<p>Le dimanche 31 janvier, Istres Sports Badminton recevait la 3e journ\u00e9e du championnat de r\u00e9gional 3 \u00e0 Donadieu. A cette occasion, Istres accueillait les \u00e9quipes de Dignes, d&rsquo;Eygui\u00e8res et de Pertuis avec 3 rencontres au programme pour chacune des 3 \u00e9quipes. L&rsquo;objectif pour Istres, actuellement 2e, \u00e9tait simple: \u00e9viter \u00e0 tout prix les faux pas &hellip; <a href=\"https:\/\/istressportsbadminton.com\/?page_id=953\" class=\"more-link\">Continuer la lecture<span class=\"screen-reader-text\"> de &laquo;&nbsp;Compte Rendu J3&nbsp;&raquo;<\/span><\/a><\/p>\n","protected":false},"author":3,"featured_media":0,"parent":0,"menu_order":0,"comment_status":"closed","ping_status":"closed","template":"","meta":{"sfsi_plus_gutenberg_text_before_share":"","sfsi_plus_gutenberg_show_text_before_share":"","sfsi_plus_gutenberg_icon_type":"","sfsi_plus_gutenberg_icon_alignemt":"","sfsi_plus_gutenburg_max_per_row":""},"_links":{"self":[{"href":"https:\/\/istressportsbadminton.com\/index.php?rest_route=\/wp\/v2\/pages\/953"}],"collection":[{"href":"https:\/\/istressportsbadminton.com\/index.php?rest_route=\/wp\/v2\/pages"}],"about":[{"href":"https:\/\/istressportsbadminton.com\/index.php?rest_route=\/wp\/v2\/types\/page"}],"author":[{"embeddable":true,"href":"https:\/\/istressportsbadminton.com\/index.php?rest_route=\/wp\/v2\/users\/3"}],"replies":[{"embeddable":true,"href":"https:\/\/istressportsbadminton.com\/index.php?rest_route=%2Fwp%2Fv2%2Fcomments&post=953"}],"version-history":[{"count":1,"href":"https:\/\/istressportsbadminton.com\/index.php?rest_route=\/wp\/v2\/pages\/953\/revisions"}],"predecessor-version":[{"id":954,"href":"https:\/\/istressportsbadminton.com\/index.php?rest_route=\/wp\/v2\/pages\/953\/revisions\/954"}],"wp:attachment":[{"href":"https:\/\/istressportsbadminton.com\/index.php?rest_route=%2Fwp%2Fv2%2Fmedia&parent=953"}],"curies":[{"name":"wp","href":"https:\/\/api.w.org\/{rel}","templated":true}]}}