{"id":955,"date":"2016-03-25T16:01:25","date_gmt":"2016-03-25T15:01:25","guid":{"rendered":"http:\/\/istressportsbadminton.com\/?page_id=955"},"modified":"2016-03-25T16:01:25","modified_gmt":"2016-03-25T15:01:25","slug":"compte-rendu-j4-4","status":"publish","type":"page","link":"https:\/\/istressportsbadminton.com\/?page_id=955","title":{"rendered":"Compte Rendu J4"},"content":{"rendered":"<p>Le dimanche 28 f\u00e9vrier, c&rsquo;est de nouveau au gymnase Donadieu que se jouait la 4e et ant\u00e9p\u00e9nulti\u00e8me journ\u00e9e du championnat avec 2 rencontres au programme:<\/p>\n<p>Vainqueur 8-0 au match aller face \u00e0 Pernes, les istr\u00e9ens ne vont malheureusement pas r\u00e9\u00e9diter cette performance au match retour ne l&#8217;emportant \u00ab\u00a0que\u00a0\u00bb 7-1 dans la premi\u00e8re rencontre de la journ\u00e9e passant une nouvelle fois \u00e0 un cheveu du si pr\u00e9cieux point de bonus.<\/p>\n<p>Oppos\u00e9 \u00e0 Avignon dans la 2e rencontre, notre \u00e9quipe 1 va \u00e9viter le faux pas et se contenter d&rsquo;une victoire 6-2 marqu\u00e9e par le retour gagnant en simple d&rsquo;une Marie qui retrouve la grande forme \ud83d\ude09<\/p>\n<p>Bilan positif de la journ\u00e9e malgr\u00e9 le bonus rat\u00e9 de justesse ce qui risque d&rsquo;avoir son importance puisqu&rsquo;\u00e0 quelques kilom\u00e8tres de la, Pertuis est all\u00e9 l&#8217;emporter sur Port de Bouc sur le score de 6-2 et sur Martigues sur le score de&#8230; 8-0! Pertuis reprend donc la t\u00eate du g\u00e9n\u00e9ral un tout petit point devant ISB \u00e0 5 rencontres de la fin d&rsquo;un championnat o\u00f9, je le rappelle, seul le vainqueur sera promu en r\u00e9gional 2!<\/p>\n<p>Prochain rendez-vous dimanche 20 mars \u00e0 Eygui\u00e8res!<\/p>\n<p><a href=\"http:\/\/istressportsbadminton.com\/wp-content\/uploads\/2015\/11\/R3-classement.png\" rel=\"attachment wp-att-818\"><img loading=\"lazy\" class=\"alignnone size-full wp-image-818\" src=\"http:\/\/istressportsbadminton.com\/wp-content\/uploads\/2015\/11\/R3-classement.png\" alt=\"R3 classement\" width=\"1073\" height=\"221\" srcset=\"https:\/\/istressportsbadminton.com\/wp-content\/uploads\/2015\/11\/R3-classement.png 1073w, https:\/\/istressportsbadminton.com\/wp-content\/uploads\/2015\/11\/R3-classement-300x62.png 300w, https:\/\/istressportsbadminton.com\/wp-content\/uploads\/2015\/11\/R3-classement-768x158.png 768w, https:\/\/istressportsbadminton.com\/wp-content\/uploads\/2015\/11\/R3-classement-1024x211.png 1024w, https:\/\/istressportsbadminton.com\/wp-content\/uploads\/2015\/11\/R3-classement-5x1.png 5w\" sizes=\"(max-width: 709px) 85vw, (max-width: 909px) 67vw, (max-width: 1362px) 62vw, 840px\" \/><\/a><\/p>\n","protected":false},"excerpt":{"rendered":"<p>Le dimanche 28 f\u00e9vrier, c&rsquo;est de nouveau au gymnase Donadieu que se jouait la 4e et ant\u00e9p\u00e9nulti\u00e8me journ\u00e9e du championnat avec 2 rencontres au programme: Vainqueur 8-0 au match aller face \u00e0 Pernes, les istr\u00e9ens ne vont malheureusement pas r\u00e9\u00e9diter cette performance au match retour ne l&#8217;emportant \u00ab\u00a0que\u00a0\u00bb 7-1 dans la premi\u00e8re rencontre de la &hellip; <a href=\"https:\/\/istressportsbadminton.com\/?page_id=955\" class=\"more-link\">Continuer la lecture<span class=\"screen-reader-text\"> de &laquo;&nbsp;Compte Rendu J4&nbsp;&raquo;<\/span><\/a><\/p>\n","protected":false},"author":3,"featured_media":0,"parent":0,"menu_order":0,"comment_status":"closed","ping_status":"closed","template":"","meta":{"sfsi_plus_gutenberg_text_before_share":"","sfsi_plus_gutenberg_show_text_before_share":"","sfsi_plus_gutenberg_icon_type":"","sfsi_plus_gutenberg_icon_alignemt":"","sfsi_plus_gutenburg_max_per_row":""},"_links":{"self":[{"href":"https:\/\/istressportsbadminton.com\/index.php?rest_route=\/wp\/v2\/pages\/955"}],"collection":[{"href":"https:\/\/istressportsbadminton.com\/index.php?rest_route=\/wp\/v2\/pages"}],"about":[{"href":"https:\/\/istressportsbadminton.com\/index.php?rest_route=\/wp\/v2\/types\/page"}],"author":[{"embeddable":true,"href":"https:\/\/istressportsbadminton.com\/index.php?rest_route=\/wp\/v2\/users\/3"}],"replies":[{"embeddable":true,"href":"https:\/\/istressportsbadminton.com\/index.php?rest_route=%2Fwp%2Fv2%2Fcomments&post=955"}],"version-history":[{"count":1,"href":"https:\/\/istressportsbadminton.com\/index.php?rest_route=\/wp\/v2\/pages\/955\/revisions"}],"predecessor-version":[{"id":956,"href":"https:\/\/istressportsbadminton.com\/index.php?rest_route=\/wp\/v2\/pages\/955\/revisions\/956"}],"wp:attachment":[{"href":"https:\/\/istressportsbadminton.com\/index.php?rest_route=%2Fwp%2Fv2%2Fmedia&parent=955"}],"curies":[{"name":"wp","href":"https:\/\/api.w.org\/{rel}","templated":true}]}}