{"id":969,"date":"2016-03-28T17:58:33","date_gmt":"2016-03-28T16:58:33","guid":{"rendered":"http:\/\/istressportsbadminton.com\/?page_id=969"},"modified":"2016-03-28T17:58:33","modified_gmt":"2016-03-28T16:58:33","slug":"compte-rendu-j8-2","status":"publish","type":"page","link":"https:\/\/istressportsbadminton.com\/?page_id=969","title":{"rendered":"Compte Rendu J8"},"content":{"rendered":"<p>Avant la rencontre d\u00e9cisive dans le course aux play-off contre La M\u00e8de lors de la prochaine journ\u00e9e, l&rsquo;\u00e9quipe 3 compos\u00e9e de <strong>Christine<\/strong>, <strong>Annie<\/strong>, <strong>Dorian<\/strong>, <strong>St\u00e9phane<\/strong>, <strong>David<\/strong> et <strong>Thibaud<\/strong> se rendait \u00e0 Pelissanne, lanterne rouge de la poule.<\/p>\n<p>La rencontre d\u00e9bute par les <strong>simples homme 1 et 2<\/strong> respectivement disput\u00e9s par <strong>St\u00e9phane<\/strong> et <strong>Dorian<\/strong>. Malgr\u00e9 des conditions de jeu un peu particuli\u00e8re (sol glissant et visibilit\u00e9 moyenne), St\u00e9phane va parfaitement rentrer dans le match en remportant tranquillement le premier set 21-11. Peut \u00eatre un peu trop en confiance, Steph va permettre \u00e0 son adversaire de revenir dans le match au point de perdre le 2e set 21-17! Touch\u00e9 dans son orgueil, notre istr\u00e9en va retrouver son s\u00e9rieux dans un 3e set compl\u00e9tement survol\u00e9 et remport\u00e9 sur le score s\u00e9v\u00e8re de 21-03. 1-0 pour ISB.<br \/>\nSur le terrain d&rsquo;\u00e0 cot\u00e9, mauvaise soir\u00e9e pour Dorian qui, oppos\u00e9 \u00e0 un adversaire moins bien class\u00e9 que lui mais extr\u00eamement accrocheur, va avoir toutes les peines du monde \u00e0 s&rsquo;en sortir&#8230; Apr\u00e8s un premier set tr\u00e8s serr\u00e9 et perdu sur le score de 22-20, Dorian va enlever le second sur le m\u00eame score. Quand tous les observateurs pensaient voir le joueur de Pelissanne exploser physiquement dans le 3e set, c&rsquo;est finalement Dorian qui va l\u00e2cher et s&rsquo;incliner 21-14. Bravo \u00e0 David Rollier pour son super match. 1-1!<br \/>\nLe<strong> simple 3<\/strong> opposant les deux capitaines sera un peu plus simple pour Istres avec une victoire de <strong>Thibaud<\/strong> 21-13 21-16. Dans le m\u00eame temps, <strong>Annie<\/strong> retrouvait la courageuse Sol\u00e8ne qui avait battu Marie Laure au match aller. Et Annie va sortir un gros match, tr\u00e8s s\u00e9rieux, et l&#8217;emporter sans trembler 21-16 21-17. Bravo! 3-1 pour ISB.<br \/>\nTout juste remis de son \u00e9puisant simple, <strong>Dorian<\/strong> revient sur le terrain associ\u00e9 \u00e0 <strong>Christine<\/strong> pour le <strong>double mixte<\/strong>. Et la sup\u00e9riorit\u00e9 des istr\u00e9ens va rapidement sauter aux yeux ponctu\u00e9 par le gain du 1er set 21-16. Mais les sympathiques St\u00e9phane et Ana\u00eblle vont avoir le m\u00e9rite de s&rsquo;accrocher et profitant d&rsquo;une petite baisse de r\u00e9gime de leurs adversaires, ils vont arracher le 2e set 24-22. R\u00e9veill\u00e9 par cette alerte, Dorian et Christine vont finir le job en remportant le 3e set 21-17 pour marquer le 4e point d\u00e9cisif de la rencontre pour ISB! 4-1 la victoire est en poche!<br \/>\nSur le terrain voisin, nouveau match a rallonge pour le <strong>double homme<\/strong> entre <strong>Thibaud<\/strong> et <strong>David<\/strong> cot\u00e9 istr\u00e9en et St\u00e9phane GINESTE et David ROLLIER cot\u00e9 Pelissanne. Et quel combat! Tous les points sont tr\u00e8s disput\u00e9s et ce sont finalement les joueurs d&rsquo;ISB qui l&#8217;emportent sur le score pour le moins serr\u00e9 de 21-19 18-21 21-19! 5-1!<br \/>\nDans le dernier match de la soir\u00e9e, <strong>Christine et Annie<\/strong> \u00e9taient oppos\u00e9es \u00e0 Sol\u00e8ne et Ana\u00eblle. Et pour la premi\u00e8re fois en 5 associations, nos dr\u00f4les de dames vont enfin l&#8217;emporter 21-17 21-12!<br \/>\n<strong>Score final 6-1 pour ISB<\/strong> avec, il faut le souligner, que des victoires pour les filles!! Bravo \u00e0 elles et \u00e0 toute l&rsquo;\u00e9quipe qui conserve sa 2e place avant le match d\u00e9cisif contre la M\u00e8de le 19 avril prochain \u00e0 la maison \ud83d\ude09<\/p>\n<p><a href=\"http:\/\/istressportsbadminton.com\/wp-content\/uploads\/2016\/03\/D4-Pelissanne.jpg\" rel=\"attachment wp-att-965\"><img loading=\"lazy\" class=\"alignnone wp-image-965 size-large\" src=\"http:\/\/istressportsbadminton.com\/wp-content\/uploads\/2016\/03\/D4-Pelissanne-1024x576.jpg\" alt=\"D4 Pelissanne\" width=\"654\" height=\"368\" srcset=\"https:\/\/istressportsbadminton.com\/wp-content\/uploads\/2016\/03\/D4-Pelissanne-1024x576.jpg 1024w, https:\/\/istressportsbadminton.com\/wp-content\/uploads\/2016\/03\/D4-Pelissanne-300x169.jpg 300w, https:\/\/istressportsbadminton.com\/wp-content\/uploads\/2016\/03\/D4-Pelissanne-768x432.jpg 768w, https:\/\/istressportsbadminton.com\/wp-content\/uploads\/2016\/03\/D4-Pelissanne-2x1.jpg 2w\" sizes=\"(max-width: 654px) 85vw, 654px\" \/><\/a><\/p>\n<p>Je vous rappelle que si vous voulez suivre en direct live les rencontres d&rsquo;interclubs d&rsquo;Istres Sports Badminton, il vous suffit d&rsquo;installer l&rsquo;appli \u00ab\u00a0JOIN APP\u00a0\u00bb sur votre mobile (en cliquant sur le lien suivant <span style=\"color: #993366;\"><strong><a style=\"color: #993366;\" href=\"http:\/\/www.joinapp.fr\/d\/faf83d4a62247c0ef16580acb60bc18a\" target=\"_blank\">http:\/\/www.joinapp.fr\/d\/<wbr \/>faf83d4a62247c0ef16580acb60bc1<wbr \/>8a<\/a><\/strong><\/span>) ou en scannant le QR code suivant:<\/p>\n<p><a href=\"http:\/\/istressportsbadminton.com\/wp-content\/uploads\/2016\/03\/QRCode-Join-App-ISB.png\" rel=\"attachment wp-att-966\"><img loading=\"lazy\" class=\"wp-image-966  alignnone\" src=\"http:\/\/istressportsbadminton.com\/wp-content\/uploads\/2016\/03\/QRCode-Join-App-ISB-150x150.png\" alt=\"QRCode Join App ISB\" width=\"103\" height=\"103\" srcset=\"https:\/\/istressportsbadminton.com\/wp-content\/uploads\/2016\/03\/QRCode-Join-App-ISB-150x150.png 150w, https:\/\/istressportsbadminton.com\/wp-content\/uploads\/2016\/03\/QRCode-Join-App-ISB-1x1.png 1w, https:\/\/istressportsbadminton.com\/wp-content\/uploads\/2016\/03\/QRCode-Join-App-ISB.png 219w\" sizes=\"(max-width: 103px) 85vw, 103px\" \/><\/a><\/p>\n<p>et de rejoindre le groupe \u00ab\u00a0ISB\u00a0\u00bb. Ainsi vous recevrez en direct les r\u00e9sultats sur votre portable \ud83d\ude09<\/p>\n","protected":false},"excerpt":{"rendered":"<p>Avant la rencontre d\u00e9cisive dans le course aux play-off contre La M\u00e8de lors de la prochaine journ\u00e9e, l&rsquo;\u00e9quipe 3 compos\u00e9e de Christine, Annie, Dorian, St\u00e9phane, David et Thibaud se rendait \u00e0 Pelissanne, lanterne rouge de la poule. La rencontre d\u00e9bute par les simples homme 1 et 2 respectivement disput\u00e9s par St\u00e9phane et Dorian. Malgr\u00e9 des &hellip; <a href=\"https:\/\/istressportsbadminton.com\/?page_id=969\" class=\"more-link\">Continuer la lecture<span class=\"screen-reader-text\"> de &laquo;&nbsp;Compte Rendu J8&nbsp;&raquo;<\/span><\/a><\/p>\n","protected":false},"author":3,"featured_media":0,"parent":0,"menu_order":0,"comment_status":"closed","ping_status":"closed","template":"","meta":{"sfsi_plus_gutenberg_text_before_share":"","sfsi_plus_gutenberg_show_text_before_share":"","sfsi_plus_gutenberg_icon_type":"","sfsi_plus_gutenberg_icon_alignemt":"","sfsi_plus_gutenburg_max_per_row":""},"_links":{"self":[{"href":"https:\/\/istressportsbadminton.com\/index.php?rest_route=\/wp\/v2\/pages\/969"}],"collection":[{"href":"https:\/\/istressportsbadminton.com\/index.php?rest_route=\/wp\/v2\/pages"}],"about":[{"href":"https:\/\/istressportsbadminton.com\/index.php?rest_route=\/wp\/v2\/types\/page"}],"author":[{"embeddable":true,"href":"https:\/\/istressportsbadminton.com\/index.php?rest_route=\/wp\/v2\/users\/3"}],"replies":[{"embeddable":true,"href":"https:\/\/istressportsbadminton.com\/index.php?rest_route=%2Fwp%2Fv2%2Fcomments&post=969"}],"version-history":[{"count":1,"href":"https:\/\/istressportsbadminton.com\/index.php?rest_route=\/wp\/v2\/pages\/969\/revisions"}],"predecessor-version":[{"id":970,"href":"https:\/\/istressportsbadminton.com\/index.php?rest_route=\/wp\/v2\/pages\/969\/revisions\/970"}],"wp:attachment":[{"href":"https:\/\/istressportsbadminton.com\/index.php?rest_route=%2Fwp%2Fv2%2Fmedia&parent=969"}],"curies":[{"name":"wp","href":"https:\/\/api.w.org\/{rel}","templated":true}]}}